{"id":440,"date":"2021-11-16T14:18:31","date_gmt":"2021-11-16T14:18:31","guid":{"rendered":"https:\/\/www.ecocampingrural.com\/?page_id=440"},"modified":"2022-09-18T10:49:45","modified_gmt":"2022-09-18T10:49:45","slug":"instalaciones-sanitarios-barbacoa-piscina","status":"publish","type":"page","link":"https:\/\/www.ecocampingrural.com\/index.php\/instalaciones-sanitarios-barbacoa-piscina\/","title":{"rendered":"Instalaciones"},"content":{"rendered":"\n<h3 class=\"wp-block-heading\">Ponemos a tu disposici\u00f3n unas instalaciones totalmente nuevas, sanitarios con agua caliente, lavaderos&#8230; un camping con barbacoa con vistas, una peque\u00f1a piscina y un bar para amantes del vino.<\/h3>\n\n\n\n<section id=\"wp-block-themeisle-blocks-advanced-columns-5bf726c2\" class=\"wp-block-themeisle-blocks-advanced-columns alignfull has-2-columns has-desktop-equal-layout has-tablet-equal-layout has-mobile-collapsedRows-layout has-vertical-center\"><div class=\"wp-block-themeisle-blocks-advanced-columns-overlay\"><\/div><div class=\"innerblocks-wrap\">\n<div id=\"wp-block-themeisle-blocks-advanced-column-1ecc9713\" class=\"wp-block-themeisle-blocks-advanced-column\">\n<h2 class=\"has-text-align-left has-white-color has-text-color wp-block-heading\">Sanitarios<\/h2>\n\n\n\n<p class=\"has-text-align-left has-white-color has-text-color\">Te ofrecemos cuatro opciones para que tus momentos de higiene y aseo personal se adapten a tus necesidades.<\/p>\n\n\n\n<div id=\"wp-block-themeisle-blocks-icon-list-bd7811b1\" class=\"wp-block-themeisle-blocks-icon-list is-style-vertical\">\n<div id=\"wp-block-themeisle-blocks-icon-list-item-9593943c\" class=\"wp-block-themeisle-blocks-icon-list-item\"><i class=\"fab fa-accessible-icon wp-block-themeisle-blocks-icon-list-item-icon-custom\"><\/i><p class=\"wp-block-themeisle-blocks-icon-list-item-content-custom\">   aseo adaptado<\/p><\/div>\n\n\n\n<div id=\"wp-block-themeisle-blocks-icon-list-item-add461f8\" class=\"wp-block-themeisle-blocks-icon-list-item\"><i class=\"fas fa-baby wp-block-themeisle-blocks-icon-list-item-icon-custom\"><\/i><p class=\"wp-block-themeisle-blocks-icon-list-item-content-custom\">   aseo con cambiador para bebes<\/p><\/div>\n\n\n\n<div id=\"wp-block-themeisle-blocks-icon-list-item-03086fc0\" class=\"wp-block-themeisle-blocks-icon-list-item\"><i class=\"fas fa-shower wp-block-themeisle-blocks-icon-list-item-icon-custom\"><\/i><p class=\"wp-block-themeisle-blocks-icon-list-item-content-custom\">  sanitarios con agua caliente<\/p><\/div>\n\n\n\n<div id=\"wp-block-themeisle-blocks-icon-list-item-93e427a7\" class=\"wp-block-themeisle-blocks-icon-list-item\"><i class=\"fas fa-restroom wp-block-themeisle-blocks-icon-list-item-icon-custom\"><\/i><p class=\"wp-block-themeisle-blocks-icon-list-item-content-custom\"> Cabinas individuales<\/p><\/div>\n<\/div>\n<\/div>\n\n\n\n<div id=\"wp-block-themeisle-blocks-advanced-column-c7307024\" class=\"wp-block-themeisle-blocks-advanced-column\">\n<figure class=\"wp-block-gallery has-nested-images columns-2 is-cropped wp-block-gallery-1 is-layout-flex wp-block-gallery-is-layout-flex\">\n<figure class=\"wp-block-image size-full\"><img decoding=\"async\" width=\"1920\" height=\"2560\" src=\"https:\/\/www.ecocampingrural.com\/wp-content\/uploads\/2021\/11\/sanitarios-masculinos-camping-scaled.jpg\" alt=\"\" class=\"wp-image-424\" srcset=\"https:\/\/www.ecocampingrural.com\/wp-content\/uploads\/2021\/11\/sanitarios-masculinos-camping-scaled.jpg 1920w, https:\/\/www.ecocampingrural.com\/wp-content\/uploads\/2021\/11\/sanitarios-masculinos-camping-225x300.jpg 225w, https:\/\/www.ecocampingrural.com\/wp-content\/uploads\/2021\/11\/sanitarios-masculinos-camping-768x1024.jpg 768w, https:\/\/www.ecocampingrural.com\/wp-content\/uploads\/2021\/11\/sanitarios-masculinos-camping-1152x1536.jpg 1152w, https:\/\/www.ecocampingrural.com\/wp-content\/uploads\/2021\/11\/sanitarios-masculinos-camping-1536x2048.jpg 1536w\" sizes=\"(max-width: 1920px) 100vw, 1920px\" \/><figcaption>Lavabos<\/figcaption><\/figure>\n\n\n\n<figure class=\"wp-block-image size-full\"><img decoding=\"async\" width=\"1920\" height=\"2560\" src=\"https:\/\/www.ecocampingrural.com\/wp-content\/uploads\/2021\/11\/sanitarios-duchas-camping-scaled.jpg\" alt=\"\" class=\"wp-image-426\" srcset=\"https:\/\/www.ecocampingrural.com\/wp-content\/uploads\/2021\/11\/sanitarios-duchas-camping-scaled.jpg 1920w, https:\/\/www.ecocampingrural.com\/wp-content\/uploads\/2021\/11\/sanitarios-duchas-camping-225x300.jpg 225w, https:\/\/www.ecocampingrural.com\/wp-content\/uploads\/2021\/11\/sanitarios-duchas-camping-768x1024.jpg 768w, https:\/\/www.ecocampingrural.com\/wp-content\/uploads\/2021\/11\/sanitarios-duchas-camping-1152x1536.jpg 1152w, https:\/\/www.ecocampingrural.com\/wp-content\/uploads\/2021\/11\/sanitarios-duchas-camping-1536x2048.jpg 1536w\" sizes=\"(max-width: 1920px) 100vw, 1920px\" \/><figcaption>Duchas<\/figcaption><\/figure>\n\n\n\n<figure class=\"wp-block-image size-full\"><img decoding=\"async\" width=\"1242\" height=\"781\" src=\"https:\/\/www.ecocampingrural.com\/wp-content\/uploads\/2021\/11\/aseo-camping-bebes.jpg\" alt=\"\" class=\"wp-image-443\" srcset=\"https:\/\/www.ecocampingrural.com\/wp-content\/uploads\/2021\/11\/aseo-camping-bebes.jpg 1242w, https:\/\/www.ecocampingrural.com\/wp-content\/uploads\/2021\/11\/aseo-camping-bebes-300x189.jpg 300w, https:\/\/www.ecocampingrural.com\/wp-content\/uploads\/2021\/11\/aseo-camping-bebes-1024x644.jpg 1024w, https:\/\/www.ecocampingrural.com\/wp-content\/uploads\/2021\/11\/aseo-camping-bebes-768x483.jpg 768w\" sizes=\"(max-width: 1242px) 100vw, 1242px\" \/><figcaption>Para los peques<\/figcaption><\/figure>\n\n\n\n<figure class=\"wp-block-image size-full\"><img decoding=\"async\" width=\"2560\" height=\"1779\" src=\"https:\/\/www.ecocampingrural.com\/wp-content\/uploads\/2021\/11\/aseo-adaptado-camping-scaled.jpg\" alt=\"\" class=\"wp-image-442\" srcset=\"https:\/\/www.ecocampingrural.com\/wp-content\/uploads\/2021\/11\/aseo-adaptado-camping-scaled.jpg 2560w, https:\/\/www.ecocampingrural.com\/wp-content\/uploads\/2021\/11\/aseo-adaptado-camping-300x208.jpg 300w, https:\/\/www.ecocampingrural.com\/wp-content\/uploads\/2021\/11\/aseo-adaptado-camping-1024x712.jpg 1024w, https:\/\/www.ecocampingrural.com\/wp-content\/uploads\/2021\/11\/aseo-adaptado-camping-768x534.jpg 768w, https:\/\/www.ecocampingrural.com\/wp-content\/uploads\/2021\/11\/aseo-adaptado-camping-1536x1067.jpg 1536w, https:\/\/www.ecocampingrural.com\/wp-content\/uploads\/2021\/11\/aseo-adaptado-camping-2048x1423.jpg 2048w\" sizes=\"(max-width: 2560px) 100vw, 2560px\" \/><figcaption>Adaptado<\/figcaption><\/figure>\n<\/figure>\n<\/div>\n<\/div><\/section>\n\n\n\n<section id=\"wp-block-themeisle-blocks-advanced-columns-de72ff39\" class=\"wp-block-themeisle-blocks-advanced-columns alignfull has-2-columns has-desktop-equal-layout has-tablet-equal-layout has-mobile-collapsedRows-layout has-vertical-center\"><div class=\"wp-block-themeisle-blocks-advanced-columns-overlay\"><\/div><div class=\"innerblocks-wrap\">\n<div id=\"wp-block-themeisle-blocks-advanced-column-41f6cecb\" class=\"wp-block-themeisle-blocks-advanced-column\">\n<figure class=\"wp-block-image size-large\"><img decoding=\"async\" width=\"1024\" height=\"768\" src=\"https:\/\/www.ecocampingrural.com\/wp-content\/uploads\/2021\/11\/lavaderos-camping-ordesa-1024x768.jpg\" alt=\"\" class=\"wp-image-444\" srcset=\"https:\/\/www.ecocampingrural.com\/wp-content\/uploads\/2021\/11\/lavaderos-camping-ordesa-1024x768.jpg 1024w, https:\/\/www.ecocampingrural.com\/wp-content\/uploads\/2021\/11\/lavaderos-camping-ordesa-300x225.jpg 300w, https:\/\/www.ecocampingrural.com\/wp-content\/uploads\/2021\/11\/lavaderos-camping-ordesa-768x576.jpg 768w, https:\/\/www.ecocampingrural.com\/wp-content\/uploads\/2021\/11\/lavaderos-camping-ordesa-1536x1152.jpg 1536w, https:\/\/www.ecocampingrural.com\/wp-content\/uploads\/2021\/11\/lavaderos-camping-ordesa-2048x1536.jpg 2048w\" sizes=\"(max-width: 1024px) 100vw, 1024px\" \/><\/figure>\n<\/div>\n\n\n\n<div id=\"wp-block-themeisle-blocks-advanced-column-5af0a9d5\" class=\"wp-block-themeisle-blocks-advanced-column\">\n<div id=\"wp-block-themeisle-blocks-advanced-heading-b6575732\" class=\"wp-block-themeisle-blocks-advanced-heading wp-block-themeisle-blocks-advanced-heading-b6575732\"><strong>Lavaderos, Fregaderos y Lavadora<\/strong><\/div>\n\n\n\n<h2 class=\"has-text-align-left wp-block-heading\">Tu friegas y yo pongo la lavadora<\/h2>\n\n\n\n<p class=\"has-text-align-left\">Hemos preparado un espacio bien iluminado para que puedas poner la lavadora mientras friegas los platos.<\/p>\n\n\n\n<p>Si, ya sabemos que esto no es un planazo&#8230; \u00a1pero hay que hacerlo! La lavadora es de uso gratuito, pero puedes pasar por  recepci\u00f3n para comprar c\u00e1psulas ECO de lavado.<\/p>\n<\/div>\n<\/div><\/section>\n\n\n\n<section id=\"wp-block-themeisle-blocks-advanced-columns-e7931e5c\" class=\"wp-block-themeisle-blocks-advanced-columns alignfull has-2-columns has-desktop-equal-layout has-tablet-equal-layout has-mobile-collapsedRows-layout has-vertical-center\"><div class=\"wp-block-themeisle-blocks-advanced-columns-overlay\"><\/div><div class=\"innerblocks-wrap\">\n<div id=\"wp-block-themeisle-blocks-advanced-column-311d4b3f\" class=\"wp-block-themeisle-blocks-advanced-column\">\n<div id=\"wp-block-themeisle-blocks-advanced-heading-740905dd\" class=\"wp-block-themeisle-blocks-advanced-heading wp-block-themeisle-blocks-advanced-heading-740905dd\"><strong>un cl\u00e1sico de los campings<\/strong><\/div>\n\n\n\n<h2 class=\"has-text-align-left wp-block-heading\">La Barbacoa<\/h2>\n\n\n\n<p class=\"has-text-align-left\">Sabemos que eres el t\u00edpico al que le toca pringar cuando se trata de asar carne o verduras en la barbacoa, por eso hemos querido crear una en la que, al menos, puedas disfrutar con las vistas de Cotiella y la Sierra Ferrera.<\/p>\n\n\n\n<div id=\"wp-block-themeisle-blocks-font-awesome-icons-f8b8e3ba\" class=\"wp-block-themeisle-blocks-font-awesome-icons\"><span class=\"wp-block-themeisle-blocks-font-awesome-icons-container\"><i class=\"fas fa-fire-alt\"><\/i><\/span><\/div>\n<\/div>\n\n\n\n<div id=\"wp-block-themeisle-blocks-advanced-column-49224624\" class=\"wp-block-themeisle-blocks-advanced-column\">\n<figure class=\"wp-block-image size-large\"><img decoding=\"async\" width=\"1024\" height=\"446\" src=\"https:\/\/www.ecocampingrural.com\/wp-content\/uploads\/2021\/11\/barbacoa-camping-pirineo-1024x446.jpg\" alt=\"\" class=\"wp-image-445\" srcset=\"https:\/\/www.ecocampingrural.com\/wp-content\/uploads\/2021\/11\/barbacoa-camping-pirineo-1024x446.jpg 1024w, https:\/\/www.ecocampingrural.com\/wp-content\/uploads\/2021\/11\/barbacoa-camping-pirineo-300x131.jpg 300w, https:\/\/www.ecocampingrural.com\/wp-content\/uploads\/2021\/11\/barbacoa-camping-pirineo-768x334.jpg 768w, https:\/\/www.ecocampingrural.com\/wp-content\/uploads\/2021\/11\/barbacoa-camping-pirineo-1536x669.jpg 1536w, https:\/\/www.ecocampingrural.com\/wp-content\/uploads\/2021\/11\/barbacoa-camping-pirineo-2048x892.jpg 2048w\" sizes=\"(max-width: 1024px) 100vw, 1024px\" \/><\/figure>\n<\/div>\n<\/div><\/section>\n\n\n\n<section id=\"wp-block-themeisle-blocks-advanced-columns-64522783\" class=\"wp-block-themeisle-blocks-advanced-columns alignfull has-2-columns has-desktop-equal-layout has-tablet-equal-layout has-mobile-collapsedRows-layout has-vertical-center\"><div class=\"wp-block-themeisle-blocks-advanced-columns-overlay\"><\/div><div class=\"innerblocks-wrap\">\n<div id=\"wp-block-themeisle-blocks-advanced-column-4b53232f\" class=\"wp-block-themeisle-blocks-advanced-column\">\n<figure class=\"wp-block-gallery has-nested-images columns-2 is-cropped wp-block-gallery-2 is-layout-flex wp-block-gallery-is-layout-flex\">\n<figure class=\"wp-block-image size-full\"><img decoding=\"async\" width=\"1920\" height=\"2560\" src=\"https:\/\/www.ecocampingrural.com\/wp-content\/uploads\/2021\/11\/piscina-camping-pirineo-scaled.jpg\" alt=\"\" class=\"wp-image-428\" srcset=\"https:\/\/www.ecocampingrural.com\/wp-content\/uploads\/2021\/11\/piscina-camping-pirineo-scaled.jpg 1920w, https:\/\/www.ecocampingrural.com\/wp-content\/uploads\/2021\/11\/piscina-camping-pirineo-225x300.jpg 225w, https:\/\/www.ecocampingrural.com\/wp-content\/uploads\/2021\/11\/piscina-camping-pirineo-768x1024.jpg 768w, https:\/\/www.ecocampingrural.com\/wp-content\/uploads\/2021\/11\/piscina-camping-pirineo-1152x1536.jpg 1152w, https:\/\/www.ecocampingrural.com\/wp-content\/uploads\/2021\/11\/piscina-camping-pirineo-1536x2048.jpg 1536w\" sizes=\"(max-width: 1920px) 100vw, 1920px\" \/><figcaption>Piscina<\/figcaption><\/figure>\n\n\n\n<figure class=\"wp-block-image size-full\"><img decoding=\"async\" width=\"912\" height=\"637\" src=\"https:\/\/www.ecocampingrural.com\/wp-content\/uploads\/2021\/11\/piscina-camping-cerveza.jpeg\" alt=\"\" class=\"wp-image-446\" srcset=\"https:\/\/www.ecocampingrural.com\/wp-content\/uploads\/2021\/11\/piscina-camping-cerveza.jpeg 912w, https:\/\/www.ecocampingrural.com\/wp-content\/uploads\/2021\/11\/piscina-camping-cerveza-300x210.jpeg 300w, https:\/\/www.ecocampingrural.com\/wp-content\/uploads\/2021\/11\/piscina-camping-cerveza-768x536.jpeg 768w\" sizes=\"(max-width: 912px) 100vw, 912px\" \/><\/figure>\n<\/figure>\n<\/div>\n\n\n\n<div id=\"wp-block-themeisle-blocks-advanced-column-2272af3b\" class=\"wp-block-themeisle-blocks-advanced-column\">\n<h2 class=\"has-text-align-left wp-block-heading\">Una Piscina<\/h2>\n\n\n\n<p class=\"has-text-align-left\">Te ofrecemos una peque\u00f1a piscina para que puedas darte un chapuz\u00f3n y refrescarte con los m\u00e1s peque\u00f1os. sabemos que sus vistas del Pirineo Aragon\u00e9s te enamorar\u00e1n (abierta en temporada de verano).<\/p>\n\n\n\n<div id=\"wp-block-themeisle-blocks-font-awesome-icons-a0c57c13\" class=\"wp-block-themeisle-blocks-font-awesome-icons\"><span class=\"wp-block-themeisle-blocks-font-awesome-icons-container\"><i class=\"fas fa-swimming-pool\"><\/i><\/span><\/div>\n<\/div>\n<\/div><\/section>\n","protected":false},"excerpt":{"rendered":"<p>Ponemos a tu disposici\u00f3n unas instalaciones totalmente nuevas, sanitarios con agua caliente, lavaderos&#8230; un camping con barbacoa con vistas, una peque\u00f1a piscina y un bar para amantes del vino.<\/p>\n","protected":false},"author":1,"featured_media":0,"parent":0,"menu_order":0,"comment_status":"closed","ping_status":"closed","template":"","meta":{"_uf_show_specific_survey":0,"_uf_disable_surveys":false,"neve_meta_sidebar":"","neve_meta_container":"","neve_meta_enable_content_width":"","neve_meta_content_width":0,"neve_meta_title_alignment":"","neve_meta_author_avatar":"","neve_post_elements_order":"","neve_meta_disable_header":"","neve_meta_disable_footer":"","neve_meta_disable_title":"","_themeisle_gutenberg_block_has_review":false,"footnotes":""},"class_list":["post-440","page","type-page","status-publish","hentry"],"yoast_head":"<!-- This site is optimized with the Yoast SEO plugin v25.6 - https:\/\/yoast.com\/wordpress\/plugins\/seo\/ -->\n<title>Instalaciones - Ecocamping Rural con barbacoa y piscina en el Pirineo<\/title>\n<meta name=\"description\" content=\"Ponemos a tu disposici\u00f3n un camping con barbacoa y piscina, sanitarios con agua caliente y un bar para amantes del vino\" \/>\n<meta name=\"robots\" content=\"index, follow, max-snippet:-1, max-image-preview:large, max-video-preview:-1\" \/>\n<link rel=\"canonical\" href=\"https:\/\/www.ecocampingrural.com\/index.php\/instalaciones-sanitarios-barbacoa-piscina\/\" \/>\n<meta property=\"og:locale\" content=\"es_ES\" \/>\n<meta property=\"og:type\" content=\"article\" \/>\n<meta property=\"og:title\" content=\"Instalaciones - Ecocamping Rural con barbacoa y piscina en el Pirineo\" \/>\n<meta property=\"og:description\" content=\"Ponemos a tu disposici\u00f3n un camping con barbacoa y piscina, sanitarios con agua caliente y un bar para amantes del vino\" \/>\n<meta property=\"og:url\" content=\"https:\/\/www.ecocampingrural.com\/index.php\/instalaciones-sanitarios-barbacoa-piscina\/\" \/>\n<meta property=\"og:site_name\" content=\"Ecocamping Rural\" \/>\n<meta property=\"article:publisher\" content=\"https:\/\/www.facebook.com\/campinglafueva\" \/>\n<meta property=\"article:modified_time\" content=\"2022-09-18T10:49:45+00:00\" \/>\n<meta property=\"og:image\" content=\"https:\/\/www.ecocampingrural.com\/wp-content\/uploads\/2021\/11\/sanitarios-masculinos-camping-scaled.jpg\" \/>\n<meta name=\"twitter:card\" content=\"summary_large_image\" \/>\n<meta name=\"twitter:label1\" content=\"Tiempo de lectura\" \/>\n\t<meta name=\"twitter:data1\" content=\"3 minutos\" \/>\n<script type=\"application\/ld+json\" class=\"yoast-schema-graph\">{\"@context\":\"https:\/\/schema.org\",\"@graph\":[{\"@type\":\"WebPage\",\"@id\":\"https:\/\/www.ecocampingrural.com\/index.php\/instalaciones-sanitarios-barbacoa-piscina\/\",\"url\":\"https:\/\/www.ecocampingrural.com\/index.php\/instalaciones-sanitarios-barbacoa-piscina\/\",\"name\":\"Instalaciones - Ecocamping Rural con barbacoa y piscina en el Pirineo\",\"isPartOf\":{\"@id\":\"https:\/\/www.ecocampingrural.com\/#website\"},\"primaryImageOfPage\":{\"@id\":\"https:\/\/www.ecocampingrural.com\/index.php\/instalaciones-sanitarios-barbacoa-piscina\/#primaryimage\"},\"image\":{\"@id\":\"https:\/\/www.ecocampingrural.com\/index.php\/instalaciones-sanitarios-barbacoa-piscina\/#primaryimage\"},\"thumbnailUrl\":\"https:\/\/www.ecocampingrural.com\/wp-content\/uploads\/2021\/11\/sanitarios-masculinos-camping-scaled.jpg\",\"datePublished\":\"2021-11-16T14:18:31+00:00\",\"dateModified\":\"2022-09-18T10:49:45+00:00\",\"description\":\"Ponemos a tu disposici\u00f3n un camping con barbacoa y piscina, sanitarios con agua caliente y un bar para amantes del vino\",\"breadcrumb\":{\"@id\":\"https:\/\/www.ecocampingrural.com\/index.php\/instalaciones-sanitarios-barbacoa-piscina\/#breadcrumb\"},\"inLanguage\":\"es\",\"potentialAction\":[{\"@type\":\"ReadAction\",\"target\":[\"https:\/\/www.ecocampingrural.com\/index.php\/instalaciones-sanitarios-barbacoa-piscina\/\"]}]},{\"@type\":\"ImageObject\",\"inLanguage\":\"es\",\"@id\":\"https:\/\/www.ecocampingrural.com\/index.php\/instalaciones-sanitarios-barbacoa-piscina\/#primaryimage\",\"url\":\"https:\/\/www.ecocampingrural.com\/wp-content\/uploads\/2021\/11\/sanitarios-masculinos-camping-scaled.jpg\",\"contentUrl\":\"https:\/\/www.ecocampingrural.com\/wp-content\/uploads\/2021\/11\/sanitarios-masculinos-camping-scaled.jpg\",\"width\":1920,\"height\":2560},{\"@type\":\"BreadcrumbList\",\"@id\":\"https:\/\/www.ecocampingrural.com\/index.php\/instalaciones-sanitarios-barbacoa-piscina\/#breadcrumb\",\"itemListElement\":[{\"@type\":\"ListItem\",\"position\":1,\"name\":\"Portada\",\"item\":\"https:\/\/www.ecocampingrural.com\/\"},{\"@type\":\"ListItem\",\"position\":2,\"name\":\"Instalaciones\"}]},{\"@type\":\"WebSite\",\"@id\":\"https:\/\/www.ecocampingrural.com\/#website\",\"url\":\"https:\/\/www.ecocampingrural.com\/\",\"name\":\"Ecocamping Rural Valle de La Fueva\",\"description\":\"Valle de La Fueva\",\"publisher\":{\"@id\":\"https:\/\/www.ecocampingrural.com\/#organization\"},\"potentialAction\":[{\"@type\":\"SearchAction\",\"target\":{\"@type\":\"EntryPoint\",\"urlTemplate\":\"https:\/\/www.ecocampingrural.com\/?s={search_term_string}\"},\"query-input\":{\"@type\":\"PropertyValueSpecification\",\"valueRequired\":true,\"valueName\":\"search_term_string\"}}],\"inLanguage\":\"es\"},{\"@type\":\"Organization\",\"@id\":\"https:\/\/www.ecocampingrural.com\/#organization\",\"name\":\"ECOCAMPING RURAL SC\",\"url\":\"https:\/\/www.ecocampingrural.com\/\",\"logo\":{\"@type\":\"ImageObject\",\"inLanguage\":\"es\",\"@id\":\"https:\/\/www.ecocampingrural.com\/#\/schema\/logo\/image\/\",\"url\":\"https:\/\/www.ecocampingrural.com\/wp-content\/uploads\/2021\/02\/LOGODEFVERDE.png\",\"contentUrl\":\"https:\/\/www.ecocampingrural.com\/wp-content\/uploads\/2021\/02\/LOGODEFVERDE.png\",\"width\":865,\"height\":579,\"caption\":\"ECOCAMPING RURAL SC\"},\"image\":{\"@id\":\"https:\/\/www.ecocampingrural.com\/#\/schema\/logo\/image\/\"},\"sameAs\":[\"https:\/\/www.facebook.com\/campinglafueva\",\"https:\/\/www.instagram.com\/ecocampingrural\/\"]}]}<\/script>\n<!-- \/ Yoast SEO plugin. -->","yoast_head_json":{"title":"Instalaciones - Ecocamping Rural con barbacoa y piscina en el Pirineo","description":"Ponemos a tu disposici\u00f3n un camping con barbacoa y piscina, sanitarios con agua caliente y un bar para amantes del vino","robots":{"index":"index","follow":"follow","max-snippet":"max-snippet:-1","max-image-preview":"max-image-preview:large","max-video-preview":"max-video-preview:-1"},"canonical":"https:\/\/www.ecocampingrural.com\/index.php\/instalaciones-sanitarios-barbacoa-piscina\/","og_locale":"es_ES","og_type":"article","og_title":"Instalaciones - Ecocamping Rural con barbacoa y piscina en el Pirineo","og_description":"Ponemos a tu disposici\u00f3n un camping con barbacoa y piscina, sanitarios con agua caliente y un bar para amantes del vino","og_url":"https:\/\/www.ecocampingrural.com\/index.php\/instalaciones-sanitarios-barbacoa-piscina\/","og_site_name":"Ecocamping Rural","article_publisher":"https:\/\/www.facebook.com\/campinglafueva","article_modified_time":"2022-09-18T10:49:45+00:00","og_image":[{"url":"https:\/\/www.ecocampingrural.com\/wp-content\/uploads\/2021\/11\/sanitarios-masculinos-camping-scaled.jpg","type":"","width":"","height":""}],"twitter_card":"summary_large_image","twitter_misc":{"Tiempo de lectura":"3 minutos"},"schema":{"@context":"https:\/\/schema.org","@graph":[{"@type":"WebPage","@id":"https:\/\/www.ecocampingrural.com\/index.php\/instalaciones-sanitarios-barbacoa-piscina\/","url":"https:\/\/www.ecocampingrural.com\/index.php\/instalaciones-sanitarios-barbacoa-piscina\/","name":"Instalaciones - Ecocamping Rural con barbacoa y piscina en el Pirineo","isPartOf":{"@id":"https:\/\/www.ecocampingrural.com\/#website"},"primaryImageOfPage":{"@id":"https:\/\/www.ecocampingrural.com\/index.php\/instalaciones-sanitarios-barbacoa-piscina\/#primaryimage"},"image":{"@id":"https:\/\/www.ecocampingrural.com\/index.php\/instalaciones-sanitarios-barbacoa-piscina\/#primaryimage"},"thumbnailUrl":"https:\/\/www.ecocampingrural.com\/wp-content\/uploads\/2021\/11\/sanitarios-masculinos-camping-scaled.jpg","datePublished":"2021-11-16T14:18:31+00:00","dateModified":"2022-09-18T10:49:45+00:00","description":"Ponemos a tu disposici\u00f3n un camping con barbacoa y piscina, sanitarios con agua caliente y un bar para amantes del vino","breadcrumb":{"@id":"https:\/\/www.ecocampingrural.com\/index.php\/instalaciones-sanitarios-barbacoa-piscina\/#breadcrumb"},"inLanguage":"es","potentialAction":[{"@type":"ReadAction","target":["https:\/\/www.ecocampingrural.com\/index.php\/instalaciones-sanitarios-barbacoa-piscina\/"]}]},{"@type":"ImageObject","inLanguage":"es","@id":"https:\/\/www.ecocampingrural.com\/index.php\/instalaciones-sanitarios-barbacoa-piscina\/#primaryimage","url":"https:\/\/www.ecocampingrural.com\/wp-content\/uploads\/2021\/11\/sanitarios-masculinos-camping-scaled.jpg","contentUrl":"https:\/\/www.ecocampingrural.com\/wp-content\/uploads\/2021\/11\/sanitarios-masculinos-camping-scaled.jpg","width":1920,"height":2560},{"@type":"BreadcrumbList","@id":"https:\/\/www.ecocampingrural.com\/index.php\/instalaciones-sanitarios-barbacoa-piscina\/#breadcrumb","itemListElement":[{"@type":"ListItem","position":1,"name":"Portada","item":"https:\/\/www.ecocampingrural.com\/"},{"@type":"ListItem","position":2,"name":"Instalaciones"}]},{"@type":"WebSite","@id":"https:\/\/www.ecocampingrural.com\/#website","url":"https:\/\/www.ecocampingrural.com\/","name":"Ecocamping Rural Valle de La Fueva","description":"Valle de La Fueva","publisher":{"@id":"https:\/\/www.ecocampingrural.com\/#organization"},"potentialAction":[{"@type":"SearchAction","target":{"@type":"EntryPoint","urlTemplate":"https:\/\/www.ecocampingrural.com\/?s={search_term_string}"},"query-input":{"@type":"PropertyValueSpecification","valueRequired":true,"valueName":"search_term_string"}}],"inLanguage":"es"},{"@type":"Organization","@id":"https:\/\/www.ecocampingrural.com\/#organization","name":"ECOCAMPING RURAL SC","url":"https:\/\/www.ecocampingrural.com\/","logo":{"@type":"ImageObject","inLanguage":"es","@id":"https:\/\/www.ecocampingrural.com\/#\/schema\/logo\/image\/","url":"https:\/\/www.ecocampingrural.com\/wp-content\/uploads\/2021\/02\/LOGODEFVERDE.png","contentUrl":"https:\/\/www.ecocampingrural.com\/wp-content\/uploads\/2021\/02\/LOGODEFVERDE.png","width":865,"height":579,"caption":"ECOCAMPING RURAL SC"},"image":{"@id":"https:\/\/www.ecocampingrural.com\/#\/schema\/logo\/image\/"},"sameAs":["https:\/\/www.facebook.com\/campinglafueva","https:\/\/www.instagram.com\/ecocampingrural\/"]}]}},"_links":{"self":[{"href":"https:\/\/www.ecocampingrural.com\/index.php\/wp-json\/wp\/v2\/pages\/440","targetHints":{"allow":["GET"]}}],"collection":[{"href":"https:\/\/www.ecocampingrural.com\/index.php\/wp-json\/wp\/v2\/pages"}],"about":[{"href":"https:\/\/www.ecocampingrural.com\/index.php\/wp-json\/wp\/v2\/types\/page"}],"author":[{"embeddable":true,"href":"https:\/\/www.ecocampingrural.com\/index.php\/wp-json\/wp\/v2\/users\/1"}],"replies":[{"embeddable":true,"href":"https:\/\/www.ecocampingrural.com\/index.php\/wp-json\/wp\/v2\/comments?post=440"}],"version-history":[{"count":0,"href":"https:\/\/www.ecocampingrural.com\/index.php\/wp-json\/wp\/v2\/pages\/440\/revisions"}],"wp:attachment":[{"href":"https:\/\/www.ecocampingrural.com\/index.php\/wp-json\/wp\/v2\/media?parent=440"}],"curies":[{"name":"wp","href":"https:\/\/api.w.org\/{rel}","templated":true}]}}