{"id":496,"date":"2021-11-20T10:16:52","date_gmt":"2021-11-20T10:16:52","guid":{"rendered":"https:\/\/www.ecocampingrural.com\/?page_id=496"},"modified":"2021-11-21T08:14:07","modified_gmt":"2021-11-21T08:14:07","slug":"wine-bar-para-vignerons","status":"publish","type":"page","link":"https:\/\/www.ecocampingrural.com\/index.php\/wine-bar-para-vignerons\/","title":{"rendered":"Wine Bar"},"content":{"rendered":"\n<section class=\"wp-block-themeisle-blocks-advanced-columns alignfull has-1-columns has-desktop-equal-layout has-tablet-equal-layout has-mobile-equal-layout has-nogap-gap has-vertical-flex-start\" id=\"wp-block-themeisle-blocks-advanced-columns-0d54379d\"><div class=\"wp-block-themeisle-blocks-advanced-columns-overlay\"><\/div><div class=\"innerblocks-wrap\">\n<div class=\"wp-block-themeisle-blocks-advanced-column\" id=\"wp-block-themeisle-blocks-advanced-column-ba00a84a\">\n<section class=\"wp-block-themeisle-blocks-advanced-columns has-2-columns has-desktop-equal-layout has-tablet-equal-layout has-mobile-collapsedRows-layout has-nogap-gap has-vertical-center\" id=\"wp-block-themeisle-blocks-advanced-columns-363eccc7\"><div class=\"wp-block-themeisle-blocks-advanced-columns-overlay\"><\/div><div class=\"innerblocks-wrap\">\n<div class=\"wp-block-themeisle-blocks-advanced-column\" id=\"wp-block-themeisle-blocks-advanced-column-e32c15f5\">\n<div id=\"wp-block-themeisle-blocks-advanced-heading-19d0ecdb\" class=\"wp-block-themeisle-blocks-advanced-heading wp-block-themeisle-blocks-advanced-heading-19d0ecdb\"><strong>Descubre nuestro Wine Bar<\/strong><\/div>\n\n\n\n<h2 class=\"has-text-align-left wp-block-heading\">Un Bar de Vino especializado<\/h2>\n\n\n\n<p class=\"has-text-align-left\">Hemos querido plasmar toda nuestra experiencia profesional en el mundo del vino y los maridajes para presentarte un peque\u00f1o bar especializado.<\/p>\n\n\n\n<p>No tenemos grandes pretensiones culinarias, m\u00e1s all\u00e1 de querer sorprenderte con variedades de uva aut\u00f3ctona, con elaboraciones de peque\u00f1os <strong>vignerons<\/strong>, con vinos curiosos y singulares en conjunto con productos gastron\u00f3micos locales.<\/p>\n<\/div>\n\n\n\n<div class=\"wp-block-themeisle-blocks-advanced-column\" id=\"wp-block-themeisle-blocks-advanced-column-6e1f4afe\">\n<figure class=\"wp-block-image size-large\"><img decoding=\"async\" width=\"1024\" height=\"810\" src=\"https:\/\/www.ecocampingrural.com\/wp-content\/uploads\/2021\/11\/bar-ecocamping-la-fueva-1-1024x810.jpeg\" alt=\"bar-camping-ainsa\" class=\"wp-image-394\" srcset=\"https:\/\/www.ecocampingrural.com\/wp-content\/uploads\/2021\/11\/bar-ecocamping-la-fueva-1-1024x810.jpeg 1024w, https:\/\/www.ecocampingrural.com\/wp-content\/uploads\/2021\/11\/bar-ecocamping-la-fueva-1-300x237.jpeg 300w, https:\/\/www.ecocampingrural.com\/wp-content\/uploads\/2021\/11\/bar-ecocamping-la-fueva-1-768x608.jpeg 768w, https:\/\/www.ecocampingrural.com\/wp-content\/uploads\/2021\/11\/bar-ecocamping-la-fueva-1.jpeg 1199w\" sizes=\"(max-width: 1024px) 100vw, 1024px\" \/><\/figure>\n<\/div>\n<\/div><\/section>\n\n\n\n<section class=\"wp-block-themeisle-blocks-advanced-columns has-2-columns has-desktop-equal-layout has-tablet-equal-layout has-mobile-collapsedRows-layout has-nogap-gap has-vertical-center\" id=\"wp-block-themeisle-blocks-advanced-columns-3db1a44f\"><div class=\"wp-block-themeisle-blocks-advanced-columns-overlay\"><\/div><div class=\"innerblocks-wrap\">\n<div class=\"wp-block-themeisle-blocks-advanced-column\" id=\"wp-block-themeisle-blocks-advanced-column-4d559616\">\n<figure class=\"wp-block-image size-large\"><img decoding=\"async\" width=\"768\" height=\"1024\" src=\"https:\/\/www.ecocampingrural.com\/wp-content\/uploads\/2021\/11\/vino-somontano-bar-camping-768x1024.jpg\" alt=\"vino-tinto-moristel-camping\" class=\"wp-image-497\" srcset=\"https:\/\/www.ecocampingrural.com\/wp-content\/uploads\/2021\/11\/vino-somontano-bar-camping-768x1024.jpg 768w, https:\/\/www.ecocampingrural.com\/wp-content\/uploads\/2021\/11\/vino-somontano-bar-camping-225x300.jpg 225w, https:\/\/www.ecocampingrural.com\/wp-content\/uploads\/2021\/11\/vino-somontano-bar-camping-1152x1536.jpg 1152w, https:\/\/www.ecocampingrural.com\/wp-content\/uploads\/2021\/11\/vino-somontano-bar-camping-1536x2048.jpg 1536w, https:\/\/www.ecocampingrural.com\/wp-content\/uploads\/2021\/11\/vino-somontano-bar-camping-scaled.jpg 1920w\" sizes=\"(max-width: 768px) 100vw, 768px\" \/><\/figure>\n<\/div>\n\n\n\n<div class=\"wp-block-themeisle-blocks-advanced-column\" id=\"wp-block-themeisle-blocks-advanced-column-6b9e306f\">\n<div id=\"wp-block-themeisle-blocks-advanced-heading-76f90c48\" class=\"wp-block-themeisle-blocks-advanced-heading wp-block-themeisle-blocks-advanced-heading-76f90c48\"><strong>Vinos para sorprender<\/strong><\/div>\n\n\n\n<h2 class=\"has-text-align-left wp-block-heading\">Vignerons de Huesca<\/h2>\n\n\n\n<p>Nos encontramos a escasos kil\u00f3metros de la reconocida <strong>Denominaci\u00f3n de Origen Somontano<\/strong> \u00bfte suena, verdad?.<\/p>\n\n\n\n<p class=\"has-text-align-left\">La calidad de los vinos elaborados en la provincia altoaragonesa sobrepasa fronteras, pero lejos de grandes marcas de reconocido prestigio como <strong>Bodegas Enate<\/strong>, <strong>Vi\u00f1as del Vero<\/strong> o incluso m\u00e1s modernas como <strong>Bodegas Sommos<\/strong>, existen peque\u00f1os productores con una capacidad inmensa de sorprender a nuestro paladar, tanto dentro como fuera de la propia denominaci\u00f3n de origen.<\/p>\n\n\n\n<p><strong>Bodegas familiares<\/strong>, como nuestro camping, en la que es el propietario quien completa el c\u00edrculo productivo, <strong>de la tierra a la mesa<\/strong>. Peque\u00f1as empresas que un d\u00eda decidieron hacer algo diferente, apostando por ejemplo por variedades aut\u00f3ctonas y en riesgo de desaparecer, como la <strong>Parraleta<\/strong>, el <strong>alca\u00f1\u00f3n<\/strong> o la <strong>moristel<\/strong>.<\/p>\n\n\n\n<p>Queremos ser humildes embajadores de quienes apuestan por sus territorios y hacen de \u00e9l su modo de vida, como los vinos que encontraremos en el proyecto <strong><a href=\"https:\/\/vigneronsdehuesca.com\/\" target=\"_blank\" rel=\"noreferrer noopener\">Vignerons de Huesca<\/a><\/strong> <em>&#8211; Bodegas Sers, Victor Claver\u00eda, Alodia, Estrada-Palacio, Edra, el Vino del Desierto &#8211;<\/em> o bodegas un poco m\u00e1s grandes como <strong><a href=\"http:\/\/www.barbitania.com\/isabena\/\" target=\"_blank\" rel=\"noreferrer noopener\">Bal d&#8217;Isabena<\/a><\/strong> y <strong><a href=\"http:\/\/www.bodega-ottobestue.com\" target=\"_blank\" rel=\"noreferrer noopener\">Bodega Otto Bestu\u00e9<\/a><\/strong>.<\/p>\n<\/div>\n<\/div><\/section>\n<\/div>\n<\/div><\/section>\n\n\n\n<section class=\"wp-block-themeisle-blocks-advanced-columns alignfull has-1-columns has-desktop-equal-layout has-tablet-equal-layout has-mobile-equal-layout has-nogap-gap has-vertical-flex-start\" id=\"wp-block-themeisle-blocks-advanced-columns-e4373a2b\"><div class=\"wp-block-themeisle-blocks-advanced-columns-overlay\"><\/div><div class=\"innerblocks-wrap\">\n<div class=\"wp-block-themeisle-blocks-advanced-column\" id=\"wp-block-themeisle-blocks-advanced-column-0b9db5af\">\n<section class=\"wp-block-themeisle-blocks-advanced-columns has-2-columns has-desktop-equal-layout has-tablet-equal-layout has-mobile-collapsedRows-layout has-nogap-gap has-vertical-flex-start\" id=\"wp-block-themeisle-blocks-advanced-columns-62d68e08\"><div class=\"wp-block-themeisle-blocks-advanced-columns-overlay\"><\/div><div class=\"innerblocks-wrap\">\n<div class=\"wp-block-themeisle-blocks-advanced-column\" id=\"wp-block-themeisle-blocks-advanced-column-ba020b38\">\n<h2 class=\"has-text-align-left wp-block-heading\">\u00bfQu\u00e9 ofrecemos?<\/h2>\n\n\n\n<p class=\"has-text-align-left\">Nuestra idea es ofrecerte una peque\u00f1a selecci\u00f3n de tapas, tablas y raciones elaboradas con productos Km0 del Pirineo. <\/p>\n<\/div>\n\n\n\n<div class=\"wp-block-themeisle-blocks-advanced-column\" id=\"wp-block-themeisle-blocks-advanced-column-6c94b24d\">\n<p class=\"wp-block-themeisle-blocks-font-awesome-icons\" id=\"wp-block-themeisle-blocks-font-awesome-icons-13efd6ae\"><span class=\"wp-block-themeisle-blocks-font-awesome-icons-container\"><i class=\"fas fa-wine-glass-alt\"><\/i><\/span><\/p>\n<\/div>\n<\/div><\/section>\n\n\n\n<section class=\"wp-block-themeisle-blocks-advanced-columns has-3-columns has-desktop-equal-layout has-tablet-equal-layout has-mobile-collapsedRows-layout has-nogap-gap has-vertical-flex-start\" id=\"wp-block-themeisle-blocks-advanced-columns-6fc7adce\"><div class=\"wp-block-themeisle-blocks-advanced-columns-overlay\"><\/div><div class=\"innerblocks-wrap\">\n<div class=\"wp-block-themeisle-blocks-advanced-column\" id=\"wp-block-themeisle-blocks-advanced-column-25e97a9a\">\n<div class=\"wp-block-cover has-background-dim\" style=\"min-height:100vh;aspect-ratio:unset;\"><img decoding=\"async\" width=\"1024\" height=\"768\" class=\"wp-block-cover__image-background wp-image-499\" alt=\"\" src=\"https:\/\/www.ecocampingrural.com\/wp-content\/uploads\/2021\/11\/jamon-laton-camping-1024x768.jpg\" style=\"object-position:51% 82%\" data-object-fit=\"cover\" data-object-position=\"51% 82%\" srcset=\"https:\/\/www.ecocampingrural.com\/wp-content\/uploads\/2021\/11\/jamon-laton-camping-1024x768.jpg 1024w, https:\/\/www.ecocampingrural.com\/wp-content\/uploads\/2021\/11\/jamon-laton-camping-300x225.jpg 300w, https:\/\/www.ecocampingrural.com\/wp-content\/uploads\/2021\/11\/jamon-laton-camping-768x576.jpg 768w, https:\/\/www.ecocampingrural.com\/wp-content\/uploads\/2021\/11\/jamon-laton-camping-1536x1152.jpg 1536w, https:\/\/www.ecocampingrural.com\/wp-content\/uploads\/2021\/11\/jamon-laton-camping-2048x1536.jpg 2048w\" sizes=\"(max-width: 1024px) 100vw, 1024px\" \/><div class=\"wp-block-cover__inner-container is-layout-flow wp-block-cover-is-layout-flow\">\n<p class=\"has-large-font-size\">El Lat\u00f3n de La Fueva, el \u00abib\u00e9rico\u00bb del Pirineo.<\/p>\n<\/div><\/div>\n\n\n\n<h3 class=\"has-text-align-left wp-block-heading\">Jam\u00f3n de Lat\u00f3n de La Fueva<\/h3>\n\n\n\n<p class=\"has-text-align-left\">El \u00abib\u00e9rico\u00bb del Pirineo, elaborado en nuestro valle&#8230; \u00a1para chuparte los dedos!<\/p>\n<\/div>\n\n\n\n<div class=\"wp-block-themeisle-blocks-advanced-column\" id=\"wp-block-themeisle-blocks-advanced-column-b5b3ad1c\">\n<div class=\"wp-block-cover aligncenter has-background-dim\" style=\"min-height:100vh;aspect-ratio:unset;\"><img decoding=\"async\" width=\"1024\" height=\"785\" class=\"wp-block-cover__image-background wp-image-505\" alt=\"\" src=\"https:\/\/www.ecocampingrural.com\/wp-content\/uploads\/2021\/11\/setas-shiitake-rovellon-1024x785.jpg\" style=\"object-position:47% 43%\" data-object-fit=\"cover\" data-object-position=\"47% 43%\"\/><div class=\"wp-block-cover__inner-container is-layout-flow wp-block-cover-is-layout-flow\">\n<p class=\"has-large-font-size\">Shiitake de La Fueva y otras setas de km0.<\/p>\n<\/div><\/div>\n\n\n\n<h3 class=\"has-text-align-left wp-block-heading\">Shiitake y otras setas<\/h3>\n\n\n\n<p class=\"has-text-align-left\">Los alrededores del camping son ideales para dar un paseo en busca de estos tesoros culinarios.<\/p>\n<\/div>\n\n\n\n<div class=\"wp-block-themeisle-blocks-advanced-column\" id=\"wp-block-themeisle-blocks-advanced-column-6be03cf4\">\n<div class=\"wp-block-cover has-background-dim\" style=\"min-height:100vh;aspect-ratio:unset;\"><img decoding=\"async\" width=\"1024\" height=\"756\" class=\"wp-block-cover__image-background wp-image-507\" alt=\"\" src=\"https:\/\/www.ecocampingrural.com\/wp-content\/uploads\/2021\/11\/cerveza-rondadora-1024x756.jpg\" style=\"object-position:96% 57%\" data-object-fit=\"cover\" data-object-position=\"96% 57%\" srcset=\"https:\/\/www.ecocampingrural.com\/wp-content\/uploads\/2021\/11\/cerveza-rondadora-1024x756.jpg 1024w, https:\/\/www.ecocampingrural.com\/wp-content\/uploads\/2021\/11\/cerveza-rondadora-300x221.jpg 300w, https:\/\/www.ecocampingrural.com\/wp-content\/uploads\/2021\/11\/cerveza-rondadora-768x567.jpg 768w, https:\/\/www.ecocampingrural.com\/wp-content\/uploads\/2021\/11\/cerveza-rondadora.jpg 1242w\" sizes=\"(max-width: 1024px) 100vw, 1024px\" \/><div class=\"wp-block-cover__inner-container is-layout-flow wp-block-cover-is-layout-flow\">\n<p class=\"has-large-font-size\">Estamos en Sobrarbe, y aqu\u00ed se bebe&#8230;<\/p>\n<\/div><\/div>\n\n\n\n<h3 class=\"has-text-align-left wp-block-heading\">Estamos en Sobrarbe<\/h3>\n\n\n\n<p class=\"has-text-align-left\">y Aqu\u00ed se bebe Cerveza Rondadora.<\/p>\n<\/div>\n<\/div><\/section>\n<\/div>\n<\/div><\/section>\n\n\n\n<p><\/p>\n","protected":false},"excerpt":{"rendered":"","protected":false},"author":1,"featured_media":0,"parent":0,"menu_order":0,"comment_status":"closed","ping_status":"closed","template":"","meta":{"_uf_show_specific_survey":0,"_uf_disable_surveys":false,"neve_meta_sidebar":"","neve_meta_container":"","neve_meta_enable_content_width":"","neve_meta_content_width":0,"neve_meta_title_alignment":"","neve_meta_author_avatar":"","neve_post_elements_order":"","neve_meta_disable_header":"","neve_meta_disable_footer":"","neve_meta_disable_title":"on","_themeisle_gutenberg_block_has_review":false,"footnotes":""},"class_list":["post-496","page","type-page","status-publish","hentry"],"yoast_head":"<!-- This site is optimized with the Yoast SEO plugin v25.6 - https:\/\/yoast.com\/wordpress\/plugins\/seo\/ -->\n<title>Bar de Vino | Wine Bar - Ecocamping Rural<\/title>\n<meta name=\"description\" content=\"Wine Bar especializado en vinos. Queremos sorprenderte con peque\u00f1as elaboraciones. Vignerons de Huesca. Denominaci\u00f3n de Origen Somontano.\" \/>\n<meta name=\"robots\" content=\"index, follow, max-snippet:-1, max-image-preview:large, max-video-preview:-1\" \/>\n<link rel=\"canonical\" href=\"https:\/\/www.ecocampingrural.com\/index.php\/wine-bar-para-vignerons\/\" \/>\n<meta property=\"og:locale\" content=\"es_ES\" \/>\n<meta property=\"og:type\" content=\"article\" \/>\n<meta property=\"og:title\" content=\"Bar de Vino | Wine Bar - Ecocamping Rural\" \/>\n<meta property=\"og:description\" content=\"Wine Bar especializado en vinos. Queremos sorprenderte con peque\u00f1as elaboraciones. Vignerons de Huesca. Denominaci\u00f3n de Origen Somontano.\" \/>\n<meta property=\"og:url\" content=\"https:\/\/www.ecocampingrural.com\/index.php\/wine-bar-para-vignerons\/\" \/>\n<meta property=\"og:site_name\" content=\"Ecocamping Rural\" \/>\n<meta property=\"article:publisher\" content=\"https:\/\/www.facebook.com\/campinglafueva\" \/>\n<meta property=\"article:modified_time\" content=\"2021-11-21T08:14:07+00:00\" \/>\n<meta property=\"og:image\" content=\"https:\/\/www.ecocampingrural.com\/wp-content\/uploads\/2021\/11\/bar-ecocamping-la-fueva-1-1024x810.jpeg\" \/>\n<meta name=\"twitter:card\" content=\"summary_large_image\" \/>\n<meta name=\"twitter:label1\" content=\"Tiempo de lectura\" \/>\n\t<meta name=\"twitter:data1\" content=\"3 minutos\" \/>\n<script type=\"application\/ld+json\" class=\"yoast-schema-graph\">{\"@context\":\"https:\/\/schema.org\",\"@graph\":[{\"@type\":\"WebPage\",\"@id\":\"https:\/\/www.ecocampingrural.com\/index.php\/wine-bar-para-vignerons\/\",\"url\":\"https:\/\/www.ecocampingrural.com\/index.php\/wine-bar-para-vignerons\/\",\"name\":\"Bar de Vino | Wine Bar - Ecocamping Rural\",\"isPartOf\":{\"@id\":\"https:\/\/www.ecocampingrural.com\/#website\"},\"primaryImageOfPage\":{\"@id\":\"https:\/\/www.ecocampingrural.com\/index.php\/wine-bar-para-vignerons\/#primaryimage\"},\"image\":{\"@id\":\"https:\/\/www.ecocampingrural.com\/index.php\/wine-bar-para-vignerons\/#primaryimage\"},\"thumbnailUrl\":\"https:\/\/www.ecocampingrural.com\/wp-content\/uploads\/2021\/11\/bar-ecocamping-la-fueva-1-1024x810.jpeg\",\"datePublished\":\"2021-11-20T10:16:52+00:00\",\"dateModified\":\"2021-11-21T08:14:07+00:00\",\"description\":\"Wine Bar especializado en vinos. Queremos sorprenderte con peque\u00f1as elaboraciones. Vignerons de Huesca. Denominaci\u00f3n de Origen Somontano.\",\"breadcrumb\":{\"@id\":\"https:\/\/www.ecocampingrural.com\/index.php\/wine-bar-para-vignerons\/#breadcrumb\"},\"inLanguage\":\"es\",\"potentialAction\":[{\"@type\":\"ReadAction\",\"target\":[\"https:\/\/www.ecocampingrural.com\/index.php\/wine-bar-para-vignerons\/\"]}]},{\"@type\":\"ImageObject\",\"inLanguage\":\"es\",\"@id\":\"https:\/\/www.ecocampingrural.com\/index.php\/wine-bar-para-vignerons\/#primaryimage\",\"url\":\"https:\/\/www.ecocampingrural.com\/wp-content\/uploads\/2021\/11\/bar-ecocamping-la-fueva-1-1024x810.jpeg\",\"contentUrl\":\"https:\/\/www.ecocampingrural.com\/wp-content\/uploads\/2021\/11\/bar-ecocamping-la-fueva-1-1024x810.jpeg\"},{\"@type\":\"BreadcrumbList\",\"@id\":\"https:\/\/www.ecocampingrural.com\/index.php\/wine-bar-para-vignerons\/#breadcrumb\",\"itemListElement\":[{\"@type\":\"ListItem\",\"position\":1,\"name\":\"Portada\",\"item\":\"https:\/\/www.ecocampingrural.com\/\"},{\"@type\":\"ListItem\",\"position\":2,\"name\":\"Wine Bar\"}]},{\"@type\":\"WebSite\",\"@id\":\"https:\/\/www.ecocampingrural.com\/#website\",\"url\":\"https:\/\/www.ecocampingrural.com\/\",\"name\":\"Ecocamping Rural Valle de La Fueva\",\"description\":\"Valle de La Fueva\",\"publisher\":{\"@id\":\"https:\/\/www.ecocampingrural.com\/#organization\"},\"potentialAction\":[{\"@type\":\"SearchAction\",\"target\":{\"@type\":\"EntryPoint\",\"urlTemplate\":\"https:\/\/www.ecocampingrural.com\/?s={search_term_string}\"},\"query-input\":{\"@type\":\"PropertyValueSpecification\",\"valueRequired\":true,\"valueName\":\"search_term_string\"}}],\"inLanguage\":\"es\"},{\"@type\":\"Organization\",\"@id\":\"https:\/\/www.ecocampingrural.com\/#organization\",\"name\":\"ECOCAMPING RURAL SC\",\"url\":\"https:\/\/www.ecocampingrural.com\/\",\"logo\":{\"@type\":\"ImageObject\",\"inLanguage\":\"es\",\"@id\":\"https:\/\/www.ecocampingrural.com\/#\/schema\/logo\/image\/\",\"url\":\"https:\/\/www.ecocampingrural.com\/wp-content\/uploads\/2021\/02\/LOGODEFVERDE.png\",\"contentUrl\":\"https:\/\/www.ecocampingrural.com\/wp-content\/uploads\/2021\/02\/LOGODEFVERDE.png\",\"width\":865,\"height\":579,\"caption\":\"ECOCAMPING RURAL SC\"},\"image\":{\"@id\":\"https:\/\/www.ecocampingrural.com\/#\/schema\/logo\/image\/\"},\"sameAs\":[\"https:\/\/www.facebook.com\/campinglafueva\",\"https:\/\/www.instagram.com\/ecocampingrural\/\"]}]}<\/script>\n<!-- \/ Yoast SEO plugin. -->","yoast_head_json":{"title":"Bar de Vino | Wine Bar - Ecocamping Rural","description":"Wine Bar especializado en vinos. Queremos sorprenderte con peque\u00f1as elaboraciones. Vignerons de Huesca. Denominaci\u00f3n de Origen Somontano.","robots":{"index":"index","follow":"follow","max-snippet":"max-snippet:-1","max-image-preview":"max-image-preview:large","max-video-preview":"max-video-preview:-1"},"canonical":"https:\/\/www.ecocampingrural.com\/index.php\/wine-bar-para-vignerons\/","og_locale":"es_ES","og_type":"article","og_title":"Bar de Vino | Wine Bar - Ecocamping Rural","og_description":"Wine Bar especializado en vinos. Queremos sorprenderte con peque\u00f1as elaboraciones. Vignerons de Huesca. Denominaci\u00f3n de Origen Somontano.","og_url":"https:\/\/www.ecocampingrural.com\/index.php\/wine-bar-para-vignerons\/","og_site_name":"Ecocamping Rural","article_publisher":"https:\/\/www.facebook.com\/campinglafueva","article_modified_time":"2021-11-21T08:14:07+00:00","og_image":[{"url":"https:\/\/www.ecocampingrural.com\/wp-content\/uploads\/2021\/11\/bar-ecocamping-la-fueva-1-1024x810.jpeg","type":"","width":"","height":""}],"twitter_card":"summary_large_image","twitter_misc":{"Tiempo de lectura":"3 minutos"},"schema":{"@context":"https:\/\/schema.org","@graph":[{"@type":"WebPage","@id":"https:\/\/www.ecocampingrural.com\/index.php\/wine-bar-para-vignerons\/","url":"https:\/\/www.ecocampingrural.com\/index.php\/wine-bar-para-vignerons\/","name":"Bar de Vino | Wine Bar - Ecocamping Rural","isPartOf":{"@id":"https:\/\/www.ecocampingrural.com\/#website"},"primaryImageOfPage":{"@id":"https:\/\/www.ecocampingrural.com\/index.php\/wine-bar-para-vignerons\/#primaryimage"},"image":{"@id":"https:\/\/www.ecocampingrural.com\/index.php\/wine-bar-para-vignerons\/#primaryimage"},"thumbnailUrl":"https:\/\/www.ecocampingrural.com\/wp-content\/uploads\/2021\/11\/bar-ecocamping-la-fueva-1-1024x810.jpeg","datePublished":"2021-11-20T10:16:52+00:00","dateModified":"2021-11-21T08:14:07+00:00","description":"Wine Bar especializado en vinos. Queremos sorprenderte con peque\u00f1as elaboraciones. Vignerons de Huesca. Denominaci\u00f3n de Origen Somontano.","breadcrumb":{"@id":"https:\/\/www.ecocampingrural.com\/index.php\/wine-bar-para-vignerons\/#breadcrumb"},"inLanguage":"es","potentialAction":[{"@type":"ReadAction","target":["https:\/\/www.ecocampingrural.com\/index.php\/wine-bar-para-vignerons\/"]}]},{"@type":"ImageObject","inLanguage":"es","@id":"https:\/\/www.ecocampingrural.com\/index.php\/wine-bar-para-vignerons\/#primaryimage","url":"https:\/\/www.ecocampingrural.com\/wp-content\/uploads\/2021\/11\/bar-ecocamping-la-fueva-1-1024x810.jpeg","contentUrl":"https:\/\/www.ecocampingrural.com\/wp-content\/uploads\/2021\/11\/bar-ecocamping-la-fueva-1-1024x810.jpeg"},{"@type":"BreadcrumbList","@id":"https:\/\/www.ecocampingrural.com\/index.php\/wine-bar-para-vignerons\/#breadcrumb","itemListElement":[{"@type":"ListItem","position":1,"name":"Portada","item":"https:\/\/www.ecocampingrural.com\/"},{"@type":"ListItem","position":2,"name":"Wine Bar"}]},{"@type":"WebSite","@id":"https:\/\/www.ecocampingrural.com\/#website","url":"https:\/\/www.ecocampingrural.com\/","name":"Ecocamping Rural Valle de La Fueva","description":"Valle de La Fueva","publisher":{"@id":"https:\/\/www.ecocampingrural.com\/#organization"},"potentialAction":[{"@type":"SearchAction","target":{"@type":"EntryPoint","urlTemplate":"https:\/\/www.ecocampingrural.com\/?s={search_term_string}"},"query-input":{"@type":"PropertyValueSpecification","valueRequired":true,"valueName":"search_term_string"}}],"inLanguage":"es"},{"@type":"Organization","@id":"https:\/\/www.ecocampingrural.com\/#organization","name":"ECOCAMPING RURAL SC","url":"https:\/\/www.ecocampingrural.com\/","logo":{"@type":"ImageObject","inLanguage":"es","@id":"https:\/\/www.ecocampingrural.com\/#\/schema\/logo\/image\/","url":"https:\/\/www.ecocampingrural.com\/wp-content\/uploads\/2021\/02\/LOGODEFVERDE.png","contentUrl":"https:\/\/www.ecocampingrural.com\/wp-content\/uploads\/2021\/02\/LOGODEFVERDE.png","width":865,"height":579,"caption":"ECOCAMPING RURAL SC"},"image":{"@id":"https:\/\/www.ecocampingrural.com\/#\/schema\/logo\/image\/"},"sameAs":["https:\/\/www.facebook.com\/campinglafueva","https:\/\/www.instagram.com\/ecocampingrural\/"]}]}},"_links":{"self":[{"href":"https:\/\/www.ecocampingrural.com\/index.php\/wp-json\/wp\/v2\/pages\/496","targetHints":{"allow":["GET"]}}],"collection":[{"href":"https:\/\/www.ecocampingrural.com\/index.php\/wp-json\/wp\/v2\/pages"}],"about":[{"href":"https:\/\/www.ecocampingrural.com\/index.php\/wp-json\/wp\/v2\/types\/page"}],"author":[{"embeddable":true,"href":"https:\/\/www.ecocampingrural.com\/index.php\/wp-json\/wp\/v2\/users\/1"}],"replies":[{"embeddable":true,"href":"https:\/\/www.ecocampingrural.com\/index.php\/wp-json\/wp\/v2\/comments?post=496"}],"version-history":[{"count":0,"href":"https:\/\/www.ecocampingrural.com\/index.php\/wp-json\/wp\/v2\/pages\/496\/revisions"}],"wp:attachment":[{"href":"https:\/\/www.ecocampingrural.com\/index.php\/wp-json\/wp\/v2\/media?parent=496"}],"curies":[{"name":"wp","href":"https:\/\/api.w.org\/{rel}","templated":true}]}}