{"id":81,"date":"2021-02-02T18:21:31","date_gmt":"2021-02-02T18:21:31","guid":{"rendered":"http:\/\/www.ecocampingrural.com\/?page_id=81"},"modified":"2025-11-27T08:21:26","modified_gmt":"2025-11-27T08:21:26","slug":"casa-turismo-rural-apartamentos","status":"publish","type":"page","link":"https:\/\/www.ecocampingrural.com\/index.php\/casa-turismo-rural-apartamentos\/","title":{"rendered":"Turismo Rural"},"content":{"rendered":"\n<section id=\"wp-block-themeisle-blocks-advanced-columns-64522783\" class=\"wp-block-themeisle-blocks-advanced-columns alignfull has-2-columns has-desktop-equal-layout has-tablet-equal-layout has-mobile-collapsedRows-layout has-vertical-center\"><div class=\"wp-block-themeisle-blocks-advanced-columns-overlay\"><\/div><div class=\"innerblocks-wrap\">\n<div id=\"wp-block-themeisle-blocks-advanced-column-4b53232f\" class=\"wp-block-themeisle-blocks-advanced-column\">\n<figure class=\"wp-block-gallery has-nested-images columns-2 is-cropped wp-block-gallery-1 is-layout-flex wp-block-gallery-is-layout-flex\">\n<figure class=\"wp-block-image size-full\"><img decoding=\"async\" width=\"828\" height=\"639\" src=\"https:\/\/www.ecocampingrural.com\/wp-content\/uploads\/2021\/11\/jardin-casa-lueza-turismo-rural.jpeg\" alt=\"\" class=\"wp-image-385\" srcset=\"https:\/\/www.ecocampingrural.com\/wp-content\/uploads\/2021\/11\/jardin-casa-lueza-turismo-rural.jpeg 828w, https:\/\/www.ecocampingrural.com\/wp-content\/uploads\/2021\/11\/jardin-casa-lueza-turismo-rural-300x232.jpeg 300w, https:\/\/www.ecocampingrural.com\/wp-content\/uploads\/2021\/11\/jardin-casa-lueza-turismo-rural-768x593.jpeg 768w\" sizes=\"(max-width: 828px) 100vw, 828px\" \/><figcaption class=\"wp-element-caption\">Jard\u00edn con vistas<\/figcaption><\/figure>\n\n\n\n<figure class=\"wp-block-image size-full\"><img decoding=\"async\" width=\"867\" height=\"602\" src=\"https:\/\/www.ecocampingrural.com\/wp-content\/uploads\/2021\/11\/casa-rural-pirineo.jpeg\" alt=\"\" class=\"wp-image-386\" srcset=\"https:\/\/www.ecocampingrural.com\/wp-content\/uploads\/2021\/11\/casa-rural-pirineo.jpeg 867w, https:\/\/www.ecocampingrural.com\/wp-content\/uploads\/2021\/11\/casa-rural-pirineo-300x208.jpeg 300w, https:\/\/www.ecocampingrural.com\/wp-content\/uploads\/2021\/11\/casa-rural-pirineo-768x533.jpeg 768w\" sizes=\"(max-width: 867px) 100vw, 867px\" \/><figcaption class=\"wp-element-caption\">Alueza<\/figcaption><\/figure>\n\n\n\n<figure class=\"wp-block-image size-full\"><img decoding=\"async\" width=\"832\" height=\"665\" src=\"https:\/\/www.ecocampingrural.com\/wp-content\/uploads\/2021\/11\/dormitorio-casa-rural-pirineo.jpeg\" alt=\"\" class=\"wp-image-387\" srcset=\"https:\/\/www.ecocampingrural.com\/wp-content\/uploads\/2021\/11\/dormitorio-casa-rural-pirineo.jpeg 832w, https:\/\/www.ecocampingrural.com\/wp-content\/uploads\/2021\/11\/dormitorio-casa-rural-pirineo-300x240.jpeg 300w, https:\/\/www.ecocampingrural.com\/wp-content\/uploads\/2021\/11\/dormitorio-casa-rural-pirineo-768x614.jpeg 768w\" sizes=\"(max-width: 832px) 100vw, 832px\" \/><figcaption class=\"wp-element-caption\">Habitaci\u00f3n doble<\/figcaption><\/figure>\n\n\n\n<figure class=\"wp-block-image size-full\"><img decoding=\"async\" width=\"842\" height=\"663\" src=\"https:\/\/www.ecocampingrural.com\/wp-content\/uploads\/2021\/11\/salon-casalueza.jpeg\" alt=\"\" class=\"wp-image-388\" srcset=\"https:\/\/www.ecocampingrural.com\/wp-content\/uploads\/2021\/11\/salon-casalueza.jpeg 842w, https:\/\/www.ecocampingrural.com\/wp-content\/uploads\/2021\/11\/salon-casalueza-300x236.jpeg 300w, https:\/\/www.ecocampingrural.com\/wp-content\/uploads\/2021\/11\/salon-casalueza-768x605.jpeg 768w\" sizes=\"(max-width: 842px) 100vw, 842px\" \/><figcaption class=\"wp-element-caption\">Sal\u00f3n con hogar de le\u00f1a<\/figcaption><\/figure>\n<\/figure>\n<\/div>\n\n\n\n<div id=\"wp-block-themeisle-blocks-advanced-column-2272af3b\" class=\"wp-block-themeisle-blocks-advanced-column\">\n<h2 class=\"wp-block-heading has-text-align-left\">Casa Lueza<\/h2>\n\n\n\n<p class=\"has-text-align-left\">A parte del Camping, te ofrecemos tres apartamentos de <strong>turismo rural<\/strong>, con todo lo necesario para que tu estancia sea perfecta. Jard\u00edn, terraza, barbacoa&#8230; y la tranquilidad que solo un pueblecito de monta\u00f1a puede ofrecerte.<\/p>\n\n\n\n<p>Los apartamentos no est\u00e1n dentro del recinto del camping, pero no te preocupes, si quieres podr\u00e1s utilizar todos los servicios y disfrutar de las actividades que se realicen como si estuvieras alojado en \u00e9l.<\/p>\n\n\n\n<div class=\"wp-block-buttons is-layout-flex wp-block-buttons-is-layout-flex\">\n<div class=\"wp-block-button is-style-primary\"><a class=\"wp-block-button__link wp-element-button\" href=\"http:\/\/www.casalueza.com\" target=\"_blank\" rel=\"noreferrer noopener\">Visita casalueza.com<\/a><\/div>\n<\/div>\n<\/div>\n<\/div><\/section>\n\n\n\n<section id=\"wp-block-themeisle-blocks-advanced-columns-6013fee3\" class=\"wp-block-themeisle-blocks-advanced-columns alignfull has-3-columns has-desktop-equal-layout has-tablet-equal-layout has-mobile-collapsedRows-layout has-vertical-flex-start has-light-bg\"><div class=\"wp-block-themeisle-blocks-advanced-columns-overlay\"><\/div><div class=\"innerblocks-wrap\">\n<div id=\"wp-block-themeisle-blocks-advanced-column-1a42e736\" class=\"wp-block-themeisle-blocks-advanced-column\">\n<p class=\"wp-block-themeisle-blocks-font-awesome-icons\" id=\"wp-block-themeisle-blocks-font-awesome-icons-620480cc\"><span class=\"wp-block-themeisle-blocks-font-awesome-icons-container\"><i class=\"fas fa-paw\"><\/i><\/span><\/p>\n\n\n\n<h3 class=\"wp-block-heading has-text-align-center\">Pet Friendly<\/h3>\n\n\n\n<p class=\"has-text-align-center\">No dejes a tu peludo amigo en casa,<br>aqu\u00ed ser\u00e1 bienvenido<\/p>\n<\/div>\n\n\n\n<div id=\"wp-block-themeisle-blocks-advanced-column-ea6d1956\" class=\"wp-block-themeisle-blocks-advanced-column\">\n<p class=\"wp-block-themeisle-blocks-font-awesome-icons\" id=\"wp-block-themeisle-blocks-font-awesome-icons-532d4370\"><span class=\"wp-block-themeisle-blocks-font-awesome-icons-container\"><i class=\"fab fa-accessible-icon\"><\/i><\/span><\/p>\n\n\n\n<h3 class=\"wp-block-heading has-text-align-center\">Adaptado<\/h3>\n\n\n\n<p class=\"has-text-align-center\">Disponemos de una casa adaptada, porque queremos que puedas venir<\/p>\n<\/div>\n\n\n\n<div id=\"wp-block-themeisle-blocks-advanced-column-6591118f\" class=\"wp-block-themeisle-blocks-advanced-column\">\n<p class=\"wp-block-themeisle-blocks-font-awesome-icons\" id=\"wp-block-themeisle-blocks-font-awesome-icons-da60ddc4\"><span class=\"wp-block-themeisle-blocks-font-awesome-icons-container\"><i class=\"fas fa-fire\"><\/i><\/span><\/p>\n\n\n\n<h3 class=\"wp-block-heading has-text-align-center\">Hogar de le\u00f1a<\/h3>\n\n\n\n<p class=\"has-text-align-center\">Te encantar\u00e1 calentarte junto al fuego&#8230;<br>\u00a1en invierno, claro!<\/p>\n<\/div>\n<\/div><\/section>\n\n\n\n<section id=\"wp-block-themeisle-blocks-advanced-columns-debe9c02\" class=\"wp-block-themeisle-blocks-advanced-columns alignfull has-2-columns has-desktop-equal-layout has-tablet-equal-layout has-mobile-collapsedRows-layout has-vertical-center\"><div class=\"wp-block-themeisle-blocks-advanced-columns-overlay\"><\/div><div class=\"innerblocks-wrap\">\n<div id=\"wp-block-themeisle-blocks-advanced-column-1cf06e66\" class=\"wp-block-themeisle-blocks-advanced-column\">\n<h6 id=\"wp-block-themeisle-blocks-advanced-heading-02bd25d9\" class=\"wp-block-themeisle-blocks-advanced-heading wp-block-themeisle-blocks-advanced-heading-02bd25d9\"><strong>Tu rinc\u00f3n en el Pirineo aragon\u00e9s<\/strong><\/h6>\n\n\n\n<h2 id=\"wp-block-themeisle-blocks-advanced-heading-b7196eeb\" class=\"wp-block-themeisle-blocks-advanced-heading wp-block-themeisle-blocks-advanced-heading-b7196eeb\">Casa Lueza<\/h2>\n\n\n\n<p>Bienvenido a tu rinc\u00f3n en el&nbsp;<strong>Pirineo Aragon\u00e9s<\/strong>. En un lugar privilegiado del&nbsp;<strong>Valle de La Fueva<\/strong>&nbsp;se encuentra la aldea de&nbsp;<strong>Alueza<\/strong>, un peque\u00f1o n\u00facleo en el que los&nbsp;<strong>Apartamentos de Turismo Rural Casa Lueza&nbsp;<\/strong>le invitar\u00e1n al descanso, en un ambiente rural, familiar y tranquilo.<\/p>\n\n\n\n<p>Es un lugar ideal para alojarse con amigos, en pareja o con toda la familia. Contamos con una casa equipada y adaptada para personas con&nbsp;<strong>movilidad reducida<\/strong>.<\/p>\n\n\n\n<p>Adem\u00e1s si eres de los que no salen de casa sin su&nbsp;<strong>mascota<\/strong>, con nosotros encontrar\u00e1s el destino ideal para tus vacaciones y escapada.<\/p>\n<\/div>\n\n\n\n<div id=\"wp-block-themeisle-blocks-advanced-column-11e58f7d\" class=\"wp-block-themeisle-blocks-advanced-column\">\n<figure class=\"wp-block-image size-full\"><img decoding=\"async\" width=\"1024\" height=\"685\" src=\"https:\/\/www.ecocampingrural.com\/wp-content\/uploads\/2021\/11\/JARDIN-CASA-RURAL.jpg\" alt=\"turismo-rural-la-fueva-ainsa-ordesa\" class=\"wp-image-476\" srcset=\"https:\/\/www.ecocampingrural.com\/wp-content\/uploads\/2021\/11\/JARDIN-CASA-RURAL.jpg 1024w, https:\/\/www.ecocampingrural.com\/wp-content\/uploads\/2021\/11\/JARDIN-CASA-RURAL-300x201.jpg 300w, https:\/\/www.ecocampingrural.com\/wp-content\/uploads\/2021\/11\/JARDIN-CASA-RURAL-768x514.jpg 768w\" sizes=\"(max-width: 1024px) 100vw, 1024px\" \/><figcaption class=\"wp-element-caption\">Jard\u00edn Apartamentos Turismo Rural<\/figcaption><\/figure>\n<\/div>\n<\/div><\/section>\n\n\n\n<section id=\"wp-block-themeisle-blocks-advanced-columns-cb87630d\" class=\"wp-block-themeisle-blocks-advanced-columns alignfull has-1-columns has-desktop-equal-layout has-tablet-equal-layout has-mobile-equal-layout has-vertical-center\"><div class=\"wp-block-themeisle-blocks-advanced-columns-overlay\"><\/div><div class=\"innerblocks-wrap\">\n<div id=\"wp-block-themeisle-blocks-advanced-column-a521c34e\" class=\"wp-block-themeisle-blocks-advanced-column\">\n<h2 class=\"wp-block-heading has-text-align-center has-white-color has-text-color\">RESERVA ONLINE<\/h2>\n\n\n\n<p class=\"has-text-align-center has-white-color has-text-color\">Haz click en el siguiente enlace y reserva ya tu casa de turismo rural en el Valle de La Fueva<\/p>\n\n\n\n<div class=\"wp-block-buttons is-horizontal is-content-justification-center is-layout-flex wp-container-core-buttons-is-layout-2 wp-block-buttons-is-layout-flex\">\n<div class=\"wp-block-button is-style-primary\"><a class=\"wp-block-button__link wp-element-button\" href=\"https:\/\/www.casalueza.com\/reserva-online-tus-vacaciones\/\" target=\"_blank\" rel=\"noreferrer noopener\">RESERVAR<\/a><\/div>\n<\/div>\n<\/div>\n<\/div><\/section>\n\n\n\n<section id=\"wp-block-themeisle-blocks-advanced-columns-cb5f33b6\" class=\"wp-block-themeisle-blocks-advanced-columns alignfull has-2-columns has-desktop-equal-layout has-tablet-equal-layout has-mobile-collapsedRows-layout has-vertical-flex-start has-light-bg\"><div class=\"wp-block-themeisle-blocks-advanced-columns-overlay\"><\/div><div class=\"innerblocks-wrap\">\n<div id=\"wp-block-themeisle-blocks-advanced-column-1270bf68\" class=\"wp-block-themeisle-blocks-advanced-column\">\n<p class=\"wp-block-themeisle-blocks-font-awesome-icons\" id=\"wp-block-themeisle-blocks-font-awesome-icons-6a5f960e\"><span class=\"wp-block-themeisle-blocks-font-awesome-icons-container\"><i class=\"fas fa-map-marker\"><\/i><\/span><\/p>\n\n\n\n<h3 class=\"wp-block-heading has-text-align-center\">D\u00f3nde estamos<\/h3>\n\n\n\n<p class=\"has-text-align-center\">Calle \u00danica<br>Alueza<br>22337 La Fueva<\/p>\n<\/div>\n\n\n\n<div id=\"wp-block-themeisle-blocks-advanced-column-aa1e69af\" class=\"wp-block-themeisle-blocks-advanced-column\">\n<p class=\"wp-block-themeisle-blocks-font-awesome-icons\" id=\"wp-block-themeisle-blocks-font-awesome-icons-8363cf54\"><span class=\"wp-block-themeisle-blocks-font-awesome-icons-container\"><i class=\"fas fa-phone-square-alt\"><\/i><\/span><\/p>\n\n\n\n<h3 class=\"wp-block-heading has-text-align-center\">Contacta con nosotros<\/h3>\n\n\n\n<p class=\"has-text-align-center\"><strong>+34<\/strong> 635 183 544<br>casalueza@casalueza.com<br><strong>www.casalueza.com<\/strong><\/p>\n<\/div>\n<\/div><\/section>\n\n\n\n<section id=\"wp-block-themeisle-blocks-advanced-columns-c35e1bf3\" class=\"wp-block-themeisle-blocks-advanced-columns alignfull has-3-columns has-desktop-equal-layout has-tablet-equal-layout has-mobile-collapsedRows-layout has-vertical-flex-start\"><div class=\"wp-block-themeisle-blocks-advanced-columns-overlay\"><\/div><div class=\"innerblocks-wrap\">\n<div id=\"wp-block-themeisle-blocks-advanced-column-7002fb8f\" class=\"wp-block-themeisle-blocks-advanced-column\">\n<figure class=\"wp-block-image size-full\"><img decoding=\"async\" width=\"600\" height=\"600\" src=\"https:\/\/www.ecocampingrural.com\/wp-content\/uploads\/2021\/11\/cocina-casa-rural.jpg\" alt=\"cocina-casa-rural-ainsa\" class=\"wp-image-478\" srcset=\"https:\/\/www.ecocampingrural.com\/wp-content\/uploads\/2021\/11\/cocina-casa-rural.jpg 600w, https:\/\/www.ecocampingrural.com\/wp-content\/uploads\/2021\/11\/cocina-casa-rural-300x300.jpg 300w, https:\/\/www.ecocampingrural.com\/wp-content\/uploads\/2021\/11\/cocina-casa-rural-150x150.jpg 150w\" sizes=\"(max-width: 600px) 100vw, 600px\" \/><\/figure>\n\n\n\n<h3 class=\"wp-block-heading has-text-align-left\">Casa Uno<\/h3>\n\n\n\n<p class=\"has-text-align-left\">Ideal para parejas, amigos o familia<\/p>\n\n\n\n<div class=\"wp-block-buttons is-layout-flex wp-block-buttons-is-layout-flex\">\n<div class=\"wp-block-button is-style-primary\"><a class=\"wp-block-button__link wp-element-button\" href=\"https:\/\/www.casalueza.com\/las-casas\/casa-1\/\" target=\"_blank\" rel=\"noreferrer noopener\">Visitar<\/a><\/div>\n<\/div>\n<\/div>\n\n\n\n<div id=\"wp-block-themeisle-blocks-advanced-column-3e5aec1f\" class=\"wp-block-themeisle-blocks-advanced-column\">\n<figure class=\"wp-block-image size-full\"><img decoding=\"async\" width=\"600\" height=\"600\" src=\"https:\/\/www.ecocampingrural.com\/wp-content\/uploads\/2021\/11\/salon-casa-rural.jpg\" alt=\"salon-turismo-rural-ordesa\" class=\"wp-image-479\" srcset=\"https:\/\/www.ecocampingrural.com\/wp-content\/uploads\/2021\/11\/salon-casa-rural.jpg 600w, https:\/\/www.ecocampingrural.com\/wp-content\/uploads\/2021\/11\/salon-casa-rural-300x300.jpg 300w, https:\/\/www.ecocampingrural.com\/wp-content\/uploads\/2021\/11\/salon-casa-rural-150x150.jpg 150w\" sizes=\"(max-width: 600px) 100vw, 600px\" \/><\/figure>\n\n\n\n<h3 class=\"wp-block-heading has-text-align-left\">Casa Dos<\/h3>\n\n\n\n<p class=\"has-text-align-left\">Si, tambi\u00e9n es ideal, \u00a1como la casa uno!<\/p>\n\n\n\n<div class=\"wp-block-buttons is-layout-flex wp-block-buttons-is-layout-flex\">\n<div class=\"wp-block-button is-style-primary\"><a class=\"wp-block-button__link wp-element-button\" href=\"https:\/\/www.casalueza.com\/las-casas\/casa-2\/\" target=\"_blank\" rel=\"noreferrer noopener\">Visitar<\/a><\/div>\n<\/div>\n<\/div>\n\n\n\n<div id=\"wp-block-themeisle-blocks-advanced-column-be60fbba\" class=\"wp-block-themeisle-blocks-advanced-column\">\n<figure class=\"wp-block-image size-full\"><img decoding=\"async\" width=\"600\" height=\"600\" src=\"https:\/\/www.ecocampingrural.com\/wp-content\/uploads\/2021\/11\/habitacion-doble.jpg\" alt=\"habitacion-doble\" class=\"wp-image-480\" srcset=\"https:\/\/www.ecocampingrural.com\/wp-content\/uploads\/2021\/11\/habitacion-doble.jpg 600w, https:\/\/www.ecocampingrural.com\/wp-content\/uploads\/2021\/11\/habitacion-doble-300x300.jpg 300w, https:\/\/www.ecocampingrural.com\/wp-content\/uploads\/2021\/11\/habitacion-doble-150x150.jpg 150w\" sizes=\"(max-width: 600px) 100vw, 600px\" \/><\/figure>\n\n\n\n<h3 class=\"wp-block-heading has-text-align-left\">Casa Tres<\/h3>\n\n\n\n<p class=\"has-text-align-left\">Igual de ideal, pero adaptada<\/p>\n\n\n\n<div class=\"wp-block-buttons is-layout-flex wp-block-buttons-is-layout-flex\">\n<div class=\"wp-block-button is-style-primary\"><a class=\"wp-block-button__link wp-element-button\" href=\"https:\/\/www.casalueza.com\/las-casas\/casa-3\/\" target=\"_blank\" rel=\"noreferrer noopener\">Visitar<\/a><\/div>\n<\/div>\n<\/div>\n<\/div><\/section>\n","protected":false},"excerpt":{"rendered":"","protected":false},"author":1,"featured_media":0,"parent":0,"menu_order":0,"comment_status":"closed","ping_status":"closed","template":"","meta":{"_uf_show_specific_survey":0,"_uf_disable_surveys":false,"neve_meta_sidebar":"","neve_meta_container":"","neve_meta_enable_content_width":"","neve_meta_content_width":0,"neve_meta_title_alignment":"","neve_meta_author_avatar":"","neve_post_elements_order":"","neve_meta_disable_header":"","neve_meta_disable_footer":"","neve_meta_disable_title":"on","_themeisle_gutenberg_block_has_review":false,"footnotes":""},"class_list":["post-81","page","type-page","status-publish","hentry"],"yoast_head":"<!-- This site is optimized with the Yoast SEO plugin v25.6 - https:\/\/yoast.com\/wordpress\/plugins\/seo\/ -->\n<title>Apartamentos de Turismo Rural - Ecocamping Rural<\/title>\n<meta name=\"description\" content=\"Apartamentos de Turismo Rural en el Valle de La Fueva. Casa Rural con jard\u00edn y barbacoa. Apartamento adaptado. admiten animales.\" \/>\n<meta name=\"robots\" content=\"index, follow, max-snippet:-1, max-image-preview:large, max-video-preview:-1\" \/>\n<link rel=\"canonical\" href=\"https:\/\/www.ecocampingrural.com\/index.php\/casa-turismo-rural-apartamentos\/\" \/>\n<meta property=\"og:locale\" content=\"es_ES\" \/>\n<meta property=\"og:type\" content=\"article\" \/>\n<meta property=\"og:title\" content=\"Apartamentos de Turismo Rural - Ecocamping Rural\" \/>\n<meta property=\"og:description\" content=\"Apartamentos de Turismo Rural en el Valle de La Fueva. Casa Rural con jard\u00edn y barbacoa. Apartamento adaptado. admiten animales.\" \/>\n<meta property=\"og:url\" content=\"https:\/\/www.ecocampingrural.com\/index.php\/casa-turismo-rural-apartamentos\/\" \/>\n<meta property=\"og:site_name\" content=\"Ecocamping Rural\" \/>\n<meta property=\"article:publisher\" content=\"https:\/\/www.facebook.com\/campinglafueva\" \/>\n<meta property=\"article:modified_time\" content=\"2025-11-27T08:21:26+00:00\" \/>\n<meta property=\"og:image\" content=\"https:\/\/www.ecocampingrural.com\/wp-content\/uploads\/2021\/11\/jardin-casa-lueza-turismo-rural.jpeg\" \/>\n\t<meta property=\"og:image:width\" content=\"828\" \/>\n\t<meta property=\"og:image:height\" content=\"639\" \/>\n\t<meta property=\"og:image:type\" content=\"image\/jpeg\" \/>\n<meta name=\"twitter:card\" content=\"summary_large_image\" \/>\n<meta name=\"twitter:label1\" content=\"Tiempo de lectura\" \/>\n\t<meta name=\"twitter:data1\" content=\"3 minutos\" \/>\n<script type=\"application\/ld+json\" class=\"yoast-schema-graph\">{\"@context\":\"https:\/\/schema.org\",\"@graph\":[{\"@type\":\"WebPage\",\"@id\":\"https:\/\/www.ecocampingrural.com\/index.php\/casa-turismo-rural-apartamentos\/\",\"url\":\"https:\/\/www.ecocampingrural.com\/index.php\/casa-turismo-rural-apartamentos\/\",\"name\":\"Apartamentos de Turismo Rural - Ecocamping Rural\",\"isPartOf\":{\"@id\":\"https:\/\/www.ecocampingrural.com\/#website\"},\"primaryImageOfPage\":{\"@id\":\"https:\/\/www.ecocampingrural.com\/index.php\/casa-turismo-rural-apartamentos\/#primaryimage\"},\"image\":{\"@id\":\"https:\/\/www.ecocampingrural.com\/index.php\/casa-turismo-rural-apartamentos\/#primaryimage\"},\"thumbnailUrl\":\"https:\/\/www.ecocampingrural.com\/wp-content\/uploads\/2021\/11\/jardin-casa-lueza-turismo-rural.jpeg\",\"datePublished\":\"2021-02-02T18:21:31+00:00\",\"dateModified\":\"2025-11-27T08:21:26+00:00\",\"description\":\"Apartamentos de Turismo Rural en el Valle de La Fueva. Casa Rural con jard\u00edn y barbacoa. Apartamento adaptado. admiten animales.\",\"breadcrumb\":{\"@id\":\"https:\/\/www.ecocampingrural.com\/index.php\/casa-turismo-rural-apartamentos\/#breadcrumb\"},\"inLanguage\":\"es\",\"potentialAction\":[{\"@type\":\"ReadAction\",\"target\":[\"https:\/\/www.ecocampingrural.com\/index.php\/casa-turismo-rural-apartamentos\/\"]}]},{\"@type\":\"ImageObject\",\"inLanguage\":\"es\",\"@id\":\"https:\/\/www.ecocampingrural.com\/index.php\/casa-turismo-rural-apartamentos\/#primaryimage\",\"url\":\"https:\/\/www.ecocampingrural.com\/wp-content\/uploads\/2021\/11\/jardin-casa-lueza-turismo-rural.jpeg\",\"contentUrl\":\"https:\/\/www.ecocampingrural.com\/wp-content\/uploads\/2021\/11\/jardin-casa-lueza-turismo-rural.jpeg\",\"width\":828,\"height\":639},{\"@type\":\"BreadcrumbList\",\"@id\":\"https:\/\/www.ecocampingrural.com\/index.php\/casa-turismo-rural-apartamentos\/#breadcrumb\",\"itemListElement\":[{\"@type\":\"ListItem\",\"position\":1,\"name\":\"Portada\",\"item\":\"https:\/\/www.ecocampingrural.com\/\"},{\"@type\":\"ListItem\",\"position\":2,\"name\":\"Turismo Rural\"}]},{\"@type\":\"WebSite\",\"@id\":\"https:\/\/www.ecocampingrural.com\/#website\",\"url\":\"https:\/\/www.ecocampingrural.com\/\",\"name\":\"Ecocamping Rural Valle de La Fueva\",\"description\":\"Valle de La Fueva\",\"publisher\":{\"@id\":\"https:\/\/www.ecocampingrural.com\/#organization\"},\"potentialAction\":[{\"@type\":\"SearchAction\",\"target\":{\"@type\":\"EntryPoint\",\"urlTemplate\":\"https:\/\/www.ecocampingrural.com\/?s={search_term_string}\"},\"query-input\":{\"@type\":\"PropertyValueSpecification\",\"valueRequired\":true,\"valueName\":\"search_term_string\"}}],\"inLanguage\":\"es\"},{\"@type\":\"Organization\",\"@id\":\"https:\/\/www.ecocampingrural.com\/#organization\",\"name\":\"ECOCAMPING RURAL SC\",\"url\":\"https:\/\/www.ecocampingrural.com\/\",\"logo\":{\"@type\":\"ImageObject\",\"inLanguage\":\"es\",\"@id\":\"https:\/\/www.ecocampingrural.com\/#\/schema\/logo\/image\/\",\"url\":\"https:\/\/www.ecocampingrural.com\/wp-content\/uploads\/2021\/02\/LOGODEFVERDE.png\",\"contentUrl\":\"https:\/\/www.ecocampingrural.com\/wp-content\/uploads\/2021\/02\/LOGODEFVERDE.png\",\"width\":865,\"height\":579,\"caption\":\"ECOCAMPING RURAL SC\"},\"image\":{\"@id\":\"https:\/\/www.ecocampingrural.com\/#\/schema\/logo\/image\/\"},\"sameAs\":[\"https:\/\/www.facebook.com\/campinglafueva\",\"https:\/\/www.instagram.com\/ecocampingrural\/\"]}]}<\/script>\n<!-- \/ Yoast SEO plugin. -->","yoast_head_json":{"title":"Apartamentos de Turismo Rural - Ecocamping Rural","description":"Apartamentos de Turismo Rural en el Valle de La Fueva. Casa Rural con jard\u00edn y barbacoa. Apartamento adaptado. admiten animales.","robots":{"index":"index","follow":"follow","max-snippet":"max-snippet:-1","max-image-preview":"max-image-preview:large","max-video-preview":"max-video-preview:-1"},"canonical":"https:\/\/www.ecocampingrural.com\/index.php\/casa-turismo-rural-apartamentos\/","og_locale":"es_ES","og_type":"article","og_title":"Apartamentos de Turismo Rural - Ecocamping Rural","og_description":"Apartamentos de Turismo Rural en el Valle de La Fueva. Casa Rural con jard\u00edn y barbacoa. Apartamento adaptado. admiten animales.","og_url":"https:\/\/www.ecocampingrural.com\/index.php\/casa-turismo-rural-apartamentos\/","og_site_name":"Ecocamping Rural","article_publisher":"https:\/\/www.facebook.com\/campinglafueva","article_modified_time":"2025-11-27T08:21:26+00:00","og_image":[{"width":828,"height":639,"url":"https:\/\/www.ecocampingrural.com\/wp-content\/uploads\/2021\/11\/jardin-casa-lueza-turismo-rural.jpeg","type":"image\/jpeg"}],"twitter_card":"summary_large_image","twitter_misc":{"Tiempo de lectura":"3 minutos"},"schema":{"@context":"https:\/\/schema.org","@graph":[{"@type":"WebPage","@id":"https:\/\/www.ecocampingrural.com\/index.php\/casa-turismo-rural-apartamentos\/","url":"https:\/\/www.ecocampingrural.com\/index.php\/casa-turismo-rural-apartamentos\/","name":"Apartamentos de Turismo Rural - Ecocamping Rural","isPartOf":{"@id":"https:\/\/www.ecocampingrural.com\/#website"},"primaryImageOfPage":{"@id":"https:\/\/www.ecocampingrural.com\/index.php\/casa-turismo-rural-apartamentos\/#primaryimage"},"image":{"@id":"https:\/\/www.ecocampingrural.com\/index.php\/casa-turismo-rural-apartamentos\/#primaryimage"},"thumbnailUrl":"https:\/\/www.ecocampingrural.com\/wp-content\/uploads\/2021\/11\/jardin-casa-lueza-turismo-rural.jpeg","datePublished":"2021-02-02T18:21:31+00:00","dateModified":"2025-11-27T08:21:26+00:00","description":"Apartamentos de Turismo Rural en el Valle de La Fueva. Casa Rural con jard\u00edn y barbacoa. Apartamento adaptado. admiten animales.","breadcrumb":{"@id":"https:\/\/www.ecocampingrural.com\/index.php\/casa-turismo-rural-apartamentos\/#breadcrumb"},"inLanguage":"es","potentialAction":[{"@type":"ReadAction","target":["https:\/\/www.ecocampingrural.com\/index.php\/casa-turismo-rural-apartamentos\/"]}]},{"@type":"ImageObject","inLanguage":"es","@id":"https:\/\/www.ecocampingrural.com\/index.php\/casa-turismo-rural-apartamentos\/#primaryimage","url":"https:\/\/www.ecocampingrural.com\/wp-content\/uploads\/2021\/11\/jardin-casa-lueza-turismo-rural.jpeg","contentUrl":"https:\/\/www.ecocampingrural.com\/wp-content\/uploads\/2021\/11\/jardin-casa-lueza-turismo-rural.jpeg","width":828,"height":639},{"@type":"BreadcrumbList","@id":"https:\/\/www.ecocampingrural.com\/index.php\/casa-turismo-rural-apartamentos\/#breadcrumb","itemListElement":[{"@type":"ListItem","position":1,"name":"Portada","item":"https:\/\/www.ecocampingrural.com\/"},{"@type":"ListItem","position":2,"name":"Turismo Rural"}]},{"@type":"WebSite","@id":"https:\/\/www.ecocampingrural.com\/#website","url":"https:\/\/www.ecocampingrural.com\/","name":"Ecocamping Rural Valle de La Fueva","description":"Valle de La Fueva","publisher":{"@id":"https:\/\/www.ecocampingrural.com\/#organization"},"potentialAction":[{"@type":"SearchAction","target":{"@type":"EntryPoint","urlTemplate":"https:\/\/www.ecocampingrural.com\/?s={search_term_string}"},"query-input":{"@type":"PropertyValueSpecification","valueRequired":true,"valueName":"search_term_string"}}],"inLanguage":"es"},{"@type":"Organization","@id":"https:\/\/www.ecocampingrural.com\/#organization","name":"ECOCAMPING RURAL SC","url":"https:\/\/www.ecocampingrural.com\/","logo":{"@type":"ImageObject","inLanguage":"es","@id":"https:\/\/www.ecocampingrural.com\/#\/schema\/logo\/image\/","url":"https:\/\/www.ecocampingrural.com\/wp-content\/uploads\/2021\/02\/LOGODEFVERDE.png","contentUrl":"https:\/\/www.ecocampingrural.com\/wp-content\/uploads\/2021\/02\/LOGODEFVERDE.png","width":865,"height":579,"caption":"ECOCAMPING RURAL SC"},"image":{"@id":"https:\/\/www.ecocampingrural.com\/#\/schema\/logo\/image\/"},"sameAs":["https:\/\/www.facebook.com\/campinglafueva","https:\/\/www.instagram.com\/ecocampingrural\/"]}]}},"_links":{"self":[{"href":"https:\/\/www.ecocampingrural.com\/index.php\/wp-json\/wp\/v2\/pages\/81","targetHints":{"allow":["GET"]}}],"collection":[{"href":"https:\/\/www.ecocampingrural.com\/index.php\/wp-json\/wp\/v2\/pages"}],"about":[{"href":"https:\/\/www.ecocampingrural.com\/index.php\/wp-json\/wp\/v2\/types\/page"}],"author":[{"embeddable":true,"href":"https:\/\/www.ecocampingrural.com\/index.php\/wp-json\/wp\/v2\/users\/1"}],"replies":[{"embeddable":true,"href":"https:\/\/www.ecocampingrural.com\/index.php\/wp-json\/wp\/v2\/comments?post=81"}],"version-history":[{"count":5,"href":"https:\/\/www.ecocampingrural.com\/index.php\/wp-json\/wp\/v2\/pages\/81\/revisions"}],"predecessor-version":[{"id":2373,"href":"https:\/\/www.ecocampingrural.com\/index.php\/wp-json\/wp\/v2\/pages\/81\/revisions\/2373"}],"wp:attachment":[{"href":"https:\/\/www.ecocampingrural.com\/index.php\/wp-json\/wp\/v2\/media?parent=81"}],"curies":[{"name":"wp","href":"https:\/\/api.w.org\/{rel}","templated":true}]}}