{"id":856,"date":"2022-05-27T14:24:14","date_gmt":"2022-05-27T14:24:14","guid":{"rendered":"https:\/\/www.ecocampingrural.com\/?page_id=856"},"modified":"2022-05-27T14:40:23","modified_gmt":"2022-05-27T14:40:23","slug":"rincon-chill-out-camping-pirineo","status":"publish","type":"page","link":"https:\/\/www.ecocampingrural.com\/index.php\/rincon-chill-out-camping-pirineo\/","title":{"rendered":"Rinc\u00f3n Chill Out"},"content":{"rendered":"\n<section id=\"wp-block-themeisle-blocks-advanced-columns-de72ff39\" class=\"wp-block-themeisle-blocks-advanced-columns alignfull has-2-columns has-desktop-equal-layout has-tablet-equal-layout has-mobile-collapsedRows-layout has-vertical-center\"><div class=\"wp-block-themeisle-blocks-advanced-columns-overlay\"><\/div><div class=\"innerblocks-wrap\">\n<div id=\"wp-block-themeisle-blocks-advanced-column-41f6cecb\" class=\"wp-block-themeisle-blocks-advanced-column\">\n<figure class=\"wp-block-image size-large\"><img decoding=\"async\" width=\"768\" height=\"1024\" src=\"https:\/\/www.ecocampingrural.com\/wp-content\/uploads\/2022\/05\/IMG_4306-768x1024.jpg\" alt=\"pet-friendly-camping-pirineo\" class=\"wp-image-859\" srcset=\"https:\/\/www.ecocampingrural.com\/wp-content\/uploads\/2022\/05\/IMG_4306-768x1024.jpg 768w, https:\/\/www.ecocampingrural.com\/wp-content\/uploads\/2022\/05\/IMG_4306-225x300.jpg 225w, https:\/\/www.ecocampingrural.com\/wp-content\/uploads\/2022\/05\/IMG_4306-1152x1536.jpg 1152w, https:\/\/www.ecocampingrural.com\/wp-content\/uploads\/2022\/05\/IMG_4306-1536x2048.jpg 1536w, https:\/\/www.ecocampingrural.com\/wp-content\/uploads\/2022\/05\/IMG_4306-scaled.jpg 1920w\" sizes=\"(max-width: 768px) 100vw, 768px\" \/><\/figure>\n<\/div>\n\n\n\n<div id=\"wp-block-themeisle-blocks-advanced-column-5af0a9d5\" class=\"wp-block-themeisle-blocks-advanced-column\">\n<div id=\"wp-block-themeisle-blocks-advanced-heading-b6575732\" class=\"wp-block-themeisle-blocks-advanced-heading wp-block-themeisle-blocks-advanced-heading-b6575732\"><strong>Un peque\u00f1o rinc\u00f3n chill out<\/strong><\/div>\n\n\n\n<h4 class=\"has-text-align-left has-large-font-size wp-block-heading\">Con unas vistas enormes<\/h4>\n\n\n\n<p class=\"has-text-align-left\">En <strong><a href=\"https:\/\/www.ecocampingrural.com\" target=\"_blank\" rel=\"noreferrer noopener\">Ecocamping Rural Valle de La Fueva<\/a><\/strong> queremos que te relajes, ya sea disfrutando de la lectura de un buen libro, con una buena copa de vino, con una cerveza Rondadora o, simplemente, admirando el espectacular paisaje que tenemos&#8230; lo puedes hacer desde tu parcela (ya que todas tienen vistas), pero desde este mes de mayo, tambi\u00e9n podr\u00e1s hacerlo desde el peque\u00f1o<strong> rinc\u00f3n chill out <\/strong>que hemos preparado para ti.<\/p>\n\n\n\n<p>Lo hemos orientado hacia el Nordeste, para poder aprovechar la sombra de la tarde, y as\u00ed tambi\u00e9n podremos disfrutar con las vistas que nos ofrece el pico Cotiella &#8230; \u00bfse puede pedir algo m\u00e1s? \u00a1Seguro que si! pero vayamos paso a paso.<\/p>\n\n\n\n<p>Tras una dura jornada con tu e-bike por las rutas de Zona Zero Pirineos en el Sector La Fueva, o haciendo actividades en la naturaleza (Senderismo, Rafting, Paddle Surf&#8230;), o despu\u00e9s de haber montado tu tienda o empujado tu caravana hasta colocarla en la posici\u00f3n adecuada&#8230; nada te apetecer\u00e1 m\u00e1s que sentarte en nuestro rinc\u00f3n Chill Out a disfrutar de algo fresquito \u00bfte vienes?<\/p>\n<\/div>\n<\/div><\/section>\n\n\n\n<section id=\"wp-block-themeisle-blocks-advanced-columns-5bf726c2\" class=\"wp-block-themeisle-blocks-advanced-columns alignfull has-2-columns has-desktop-equal-layout has-tablet-equal-layout has-mobile-collapsedRows-layout has-vertical-center\"><div class=\"wp-block-themeisle-blocks-advanced-columns-overlay\"><\/div><div class=\"innerblocks-wrap\">\n<div id=\"wp-block-themeisle-blocks-advanced-column-1ecc9713\" class=\"wp-block-themeisle-blocks-advanced-column\">\n<h2 class=\"has-text-align-left has-white-color has-text-color wp-block-heading\">\u00a1M\u00e1ndanos tus fotos en el rinc\u00f3n Chill Out!<\/h2>\n\n\n\n<p class=\"has-text-align-left has-white-color has-text-color\">Un <em>selfie<\/em>, una foto con tu grupo o pandilla, en pareja, o una de tus piernas al m\u00e1s puro estilo \u00abaqu\u00ed sufriendo\u00bb, de las vistas, o de lo que te est\u00e9s metiendo entre pecho y espalda&#8230; Vivimos en la era <strong>Instagram<\/strong>, y utilizamos la almohadilla como nunca antes lo hubi\u00e9ramos imaginado&#8230; \u00a1hazte una foto y etiqu\u00e9tanos para poder compartirla! Y  si a\u00fan no nos sigues, b\u00fascanos! nos encontrar\u00e1s con @ECOCAMPINGRURAL<\/p>\n\n\n\n<div class=\"wp-block-buttons is-layout-flex wp-block-buttons-is-layout-flex\">\n<div class=\"wp-block-button is-style-default\"><a class=\"wp-block-button__link\" href=\"\" target=\"_blank\" rel=\"noreferrer noopener\">VER PERFIL INSTAGRAM<\/a><\/div>\n<\/div>\n<\/div>\n\n\n\n<div id=\"wp-block-themeisle-blocks-advanced-column-c7307024\" class=\"wp-block-themeisle-blocks-advanced-column\">\n<figure class=\"wp-block-gallery has-nested-images columns-2 is-cropped wp-block-gallery-1 is-layout-flex wp-block-gallery-is-layout-flex\">\n<figure class=\"wp-block-image size-full\"><img decoding=\"async\" width=\"1024\" height=\"768\" src=\"https:\/\/www.ecocampingrural.com\/wp-content\/uploads\/2022\/05\/IMG_4341-1024x768.jpg\" alt=\"noches-de-camping\" class=\"wp-image-861\" srcset=\"https:\/\/www.ecocampingrural.com\/wp-content\/uploads\/2022\/05\/IMG_4341-1024x768.jpg 1024w, https:\/\/www.ecocampingrural.com\/wp-content\/uploads\/2022\/05\/IMG_4341-300x225.jpg 300w, https:\/\/www.ecocampingrural.com\/wp-content\/uploads\/2022\/05\/IMG_4341-768x576.jpg 768w, https:\/\/www.ecocampingrural.com\/wp-content\/uploads\/2022\/05\/IMG_4341-1536x1152.jpg 1536w, https:\/\/www.ecocampingrural.com\/wp-content\/uploads\/2022\/05\/IMG_4341-2048x1536.jpg 2048w\" sizes=\"(max-width: 1024px) 100vw, 1024px\" \/><\/figure>\n\n\n\n<figure class=\"wp-block-image size-full\"><img decoding=\"async\" width=\"1024\" height=\"768\" src=\"https:\/\/www.ecocampingrural.com\/wp-content\/uploads\/2022\/05\/IMG_4330-1024x768.jpg\" alt=\"amigos-camping-chill-out\" class=\"wp-image-860\" srcset=\"https:\/\/www.ecocampingrural.com\/wp-content\/uploads\/2022\/05\/IMG_4330-1024x768.jpg 1024w, https:\/\/www.ecocampingrural.com\/wp-content\/uploads\/2022\/05\/IMG_4330-300x225.jpg 300w, https:\/\/www.ecocampingrural.com\/wp-content\/uploads\/2022\/05\/IMG_4330-768x576.jpg 768w, https:\/\/www.ecocampingrural.com\/wp-content\/uploads\/2022\/05\/IMG_4330-1536x1152.jpg 1536w, https:\/\/www.ecocampingrural.com\/wp-content\/uploads\/2022\/05\/IMG_4330-2048x1536.jpg 2048w\" sizes=\"(max-width: 1024px) 100vw, 1024px\" \/><\/figure>\n\n\n\n<figure class=\"wp-block-image size-full\"><img decoding=\"async\" width=\"1024\" height=\"768\" src=\"https:\/\/www.ecocampingrural.com\/wp-content\/uploads\/2022\/05\/IMG_4315-1024x768.jpg\" alt=\"chica-vino-cotiella-rincon-chill-out\" class=\"wp-image-857\" srcset=\"https:\/\/www.ecocampingrural.com\/wp-content\/uploads\/2022\/05\/IMG_4315-1024x768.jpg 1024w, https:\/\/www.ecocampingrural.com\/wp-content\/uploads\/2022\/05\/IMG_4315-300x225.jpg 300w, https:\/\/www.ecocampingrural.com\/wp-content\/uploads\/2022\/05\/IMG_4315-768x576.jpg 768w, https:\/\/www.ecocampingrural.com\/wp-content\/uploads\/2022\/05\/IMG_4315-1536x1152.jpg 1536w, https:\/\/www.ecocampingrural.com\/wp-content\/uploads\/2022\/05\/IMG_4315-2048x1536.jpg 2048w\" sizes=\"(max-width: 1024px) 100vw, 1024px\" \/><\/figure>\n\n\n\n<figure class=\"wp-block-image size-full\"><img decoding=\"async\" width=\"768\" height=\"1024\" src=\"https:\/\/www.ecocampingrural.com\/wp-content\/uploads\/2022\/05\/IMG_4349-768x1024.jpg\" alt=\"rincon-chill-out\" class=\"wp-image-862\" srcset=\"https:\/\/www.ecocampingrural.com\/wp-content\/uploads\/2022\/05\/IMG_4349-768x1024.jpg 768w, https:\/\/www.ecocampingrural.com\/wp-content\/uploads\/2022\/05\/IMG_4349-225x300.jpg 225w, https:\/\/www.ecocampingrural.com\/wp-content\/uploads\/2022\/05\/IMG_4349-1152x1536.jpg 1152w, https:\/\/www.ecocampingrural.com\/wp-content\/uploads\/2022\/05\/IMG_4349-1536x2048.jpg 1536w, https:\/\/www.ecocampingrural.com\/wp-content\/uploads\/2022\/05\/IMG_4349-scaled.jpg 1920w\" sizes=\"(max-width: 768px) 100vw, 768px\" \/><\/figure>\n<\/figure>\n<\/div>\n<\/div><\/section>\n\n\n\n<section id=\"wp-block-themeisle-blocks-advanced-columns-6013fee3\" class=\"wp-block-themeisle-blocks-advanced-columns alignfull has-2-columns has-desktop-equal-layout has-tablet-equal-layout has-mobile-collapsedRows-layout has-vertical-flex-start\"><div class=\"wp-block-themeisle-blocks-advanced-columns-overlay\"><\/div><div class=\"innerblocks-wrap\">\n<div id=\"wp-block-themeisle-blocks-advanced-column-1a42e736\" class=\"wp-block-themeisle-blocks-advanced-column\">\n<p id=\"wp-block-themeisle-blocks-font-awesome-icons-620480cc\" class=\"wp-block-themeisle-blocks-font-awesome-icons\"><span class=\"wp-block-themeisle-blocks-font-awesome-icons-container\"><i class=\"fas fa-map-marker\"><\/i><\/span><\/p>\n\n\n\n<h3 class=\"has-text-align-center wp-block-heading\">Ecocamping Rural<\/h3>\n\n\n\n<p class=\"has-text-align-center\">22337 ALUEZA &#8211; VALLE DE LA FUEVA<br>PIRINEO ARAGON\u00c9S<\/p>\n<\/div>\n\n\n\n<div id=\"wp-block-themeisle-blocks-advanced-column-ea6d1956\" class=\"wp-block-themeisle-blocks-advanced-column\">\n<p id=\"wp-block-themeisle-blocks-font-awesome-icons-532d4370\" class=\"wp-block-themeisle-blocks-font-awesome-icons\"><span class=\"wp-block-themeisle-blocks-font-awesome-icons-container\"><i class=\"fas fa-phone-square-alt\"><\/i><\/span><\/p>\n\n\n\n<h3 class=\"has-text-align-center wp-block-heading\">Contacto<\/h3>\n\n\n\n<p class=\"has-text-align-center\">652 248 477<br><a href=\"mailto:INFO@ECOCAMPINGRURAL.COM\" target=\"_blank\" rel=\"noreferrer noopener\">INFO@ECOCAMPINGRURAL.COM<\/a><\/p>\n<\/div>\n<\/div><\/section>\n\n\n\n<p class=\"has-text-align-center\"><a href=\"https:\/\/zonazeropirineos.com\/\" target=\"_blank\" rel=\"noreferrer noopener\">ZONA ZERO PIRINEOS<\/a><strong> | <\/strong><a href=\"https:\/\/tirolinapirineos.com\/\" target=\"_blank\" rel=\"noreferrer noopener\">TIROLINA ORDESA PIRINEOS<\/a><strong> | <\/strong><a href=\"https:\/\/agualate.com\/portada-con-noticias\/\" target=\"_blank\" rel=\"noreferrer noopener\">DEPORTES AGUALATE<\/a> <strong>| <\/strong><a href=\"https:\/\/www.cervezarondadora.com\/\" target=\"_blank\" rel=\"noreferrer noopener\">F\u00c1BRICA DE CERVEZA RONDADORA<\/a> <strong>| <\/strong><a href=\"https:\/\/rutadelvinosomontano.com\/\" target=\"_blank\" rel=\"noreferrer noopener\">RUTA VINO SOMONTANO<\/a> <strong>|<\/strong> <a href=\"https:\/\/www.lafueva.com\/\" target=\"_blank\" rel=\"noreferrer noopener\">LA FUEVA<\/a><\/p>\n\n\n\n<p class=\"has-text-align-center has-small-font-size\"><strong>WWW.ECOCAMPINGRURAL.COM<\/strong><br>CAMPING EN EL PIRINEO ARAGON\u00c9S<\/p>\n","protected":false},"excerpt":{"rendered":"<p>ZONA ZERO PIRINEOS | TIROLINA ORDESA PIRINEOS | DEPORTES AGUALATE | F\u00c1BRICA DE CERVEZA RONDADORA | RUTA VINO SOMONTANO | LA FUEVA WWW.ECOCAMPINGRURAL.COMCAMPING EN EL PIRINEO ARAGON\u00c9S<\/p>\n","protected":false},"author":1,"featured_media":866,"parent":0,"menu_order":0,"comment_status":"closed","ping_status":"closed","template":"","meta":{"_uf_show_specific_survey":0,"_uf_disable_surveys":false,"neve_meta_sidebar":"","neve_meta_container":"","neve_meta_enable_content_width":"","neve_meta_content_width":0,"neve_meta_title_alignment":"","neve_meta_author_avatar":"","neve_post_elements_order":"","neve_meta_disable_header":"","neve_meta_disable_footer":"","neve_meta_disable_title":"","_themeisle_gutenberg_block_has_review":false,"footnotes":""},"class_list":["post-856","page","type-page","status-publish","has-post-thumbnail","hentry"],"yoast_head":"<!-- This site is optimized with the Yoast SEO plugin v25.6 - https:\/\/yoast.com\/wordpress\/plugins\/seo\/ -->\n<title>Rinc\u00f3n Chill Out - Ecocamping Rural<\/title>\n<meta name=\"description\" content=\"Peque\u00f1o rinc\u00f3n chill out para disfrutar de la sombra de la tarde, con vistas a Cotiella, con un libro, copa o disfrutando del paisaje\" \/>\n<meta name=\"robots\" content=\"index, follow, max-snippet:-1, max-image-preview:large, max-video-preview:-1\" \/>\n<link rel=\"canonical\" href=\"https:\/\/www.ecocampingrural.com\/index.php\/rincon-chill-out-camping-pirineo\/\" \/>\n<meta property=\"og:locale\" content=\"es_ES\" \/>\n<meta property=\"og:type\" content=\"article\" \/>\n<meta property=\"og:title\" content=\"Rinc\u00f3n Chill Out - Ecocamping Rural\" \/>\n<meta property=\"og:description\" content=\"Peque\u00f1o rinc\u00f3n chill out para disfrutar de la sombra de la tarde, con vistas a Cotiella, con un libro, copa o disfrutando del paisaje\" \/>\n<meta property=\"og:url\" content=\"https:\/\/www.ecocampingrural.com\/index.php\/rincon-chill-out-camping-pirineo\/\" \/>\n<meta property=\"og:site_name\" content=\"Ecocamping Rural\" \/>\n<meta property=\"article:publisher\" content=\"https:\/\/www.facebook.com\/campinglafueva\" \/>\n<meta property=\"article:modified_time\" content=\"2022-05-27T14:40:23+00:00\" \/>\n<meta property=\"og:image\" content=\"https:\/\/www.ecocampingrural.com\/wp-content\/uploads\/2022\/05\/IMG_4306-1-scaled-e1653662406909.jpg\" \/>\n\t<meta property=\"og:image:width\" content=\"1920\" \/>\n\t<meta property=\"og:image:height\" content=\"1331\" \/>\n\t<meta property=\"og:image:type\" content=\"image\/jpeg\" \/>\n<meta name=\"twitter:card\" content=\"summary_large_image\" \/>\n<meta name=\"twitter:label1\" content=\"Tiempo de lectura\" \/>\n\t<meta name=\"twitter:data1\" content=\"3 minutos\" \/>\n<script type=\"application\/ld+json\" class=\"yoast-schema-graph\">{\"@context\":\"https:\/\/schema.org\",\"@graph\":[{\"@type\":\"WebPage\",\"@id\":\"https:\/\/www.ecocampingrural.com\/index.php\/rincon-chill-out-camping-pirineo\/\",\"url\":\"https:\/\/www.ecocampingrural.com\/index.php\/rincon-chill-out-camping-pirineo\/\",\"name\":\"Rinc\u00f3n Chill Out - Ecocamping Rural\",\"isPartOf\":{\"@id\":\"https:\/\/www.ecocampingrural.com\/#website\"},\"primaryImageOfPage\":{\"@id\":\"https:\/\/www.ecocampingrural.com\/index.php\/rincon-chill-out-camping-pirineo\/#primaryimage\"},\"image\":{\"@id\":\"https:\/\/www.ecocampingrural.com\/index.php\/rincon-chill-out-camping-pirineo\/#primaryimage\"},\"thumbnailUrl\":\"https:\/\/www.ecocampingrural.com\/wp-content\/uploads\/2022\/05\/IMG_4306-1-scaled-e1653662406909.jpg\",\"datePublished\":\"2022-05-27T14:24:14+00:00\",\"dateModified\":\"2022-05-27T14:40:23+00:00\",\"description\":\"Peque\u00f1o rinc\u00f3n chill out para disfrutar de la sombra de la tarde, con vistas a Cotiella, con un libro, copa o disfrutando del paisaje\",\"breadcrumb\":{\"@id\":\"https:\/\/www.ecocampingrural.com\/index.php\/rincon-chill-out-camping-pirineo\/#breadcrumb\"},\"inLanguage\":\"es\",\"potentialAction\":[{\"@type\":\"ReadAction\",\"target\":[\"https:\/\/www.ecocampingrural.com\/index.php\/rincon-chill-out-camping-pirineo\/\"]}]},{\"@type\":\"ImageObject\",\"inLanguage\":\"es\",\"@id\":\"https:\/\/www.ecocampingrural.com\/index.php\/rincon-chill-out-camping-pirineo\/#primaryimage\",\"url\":\"https:\/\/www.ecocampingrural.com\/wp-content\/uploads\/2022\/05\/IMG_4306-1-scaled-e1653662406909.jpg\",\"contentUrl\":\"https:\/\/www.ecocampingrural.com\/wp-content\/uploads\/2022\/05\/IMG_4306-1-scaled-e1653662406909.jpg\",\"width\":1920,\"height\":1331,\"caption\":\"camping-chill-out\"},{\"@type\":\"BreadcrumbList\",\"@id\":\"https:\/\/www.ecocampingrural.com\/index.php\/rincon-chill-out-camping-pirineo\/#breadcrumb\",\"itemListElement\":[{\"@type\":\"ListItem\",\"position\":1,\"name\":\"Portada\",\"item\":\"https:\/\/www.ecocampingrural.com\/\"},{\"@type\":\"ListItem\",\"position\":2,\"name\":\"Rinc\u00f3n Chill Out\"}]},{\"@type\":\"WebSite\",\"@id\":\"https:\/\/www.ecocampingrural.com\/#website\",\"url\":\"https:\/\/www.ecocampingrural.com\/\",\"name\":\"Ecocamping Rural Valle de La Fueva\",\"description\":\"Valle de La Fueva\",\"publisher\":{\"@id\":\"https:\/\/www.ecocampingrural.com\/#organization\"},\"potentialAction\":[{\"@type\":\"SearchAction\",\"target\":{\"@type\":\"EntryPoint\",\"urlTemplate\":\"https:\/\/www.ecocampingrural.com\/?s={search_term_string}\"},\"query-input\":{\"@type\":\"PropertyValueSpecification\",\"valueRequired\":true,\"valueName\":\"search_term_string\"}}],\"inLanguage\":\"es\"},{\"@type\":\"Organization\",\"@id\":\"https:\/\/www.ecocampingrural.com\/#organization\",\"name\":\"ECOCAMPING RURAL SC\",\"url\":\"https:\/\/www.ecocampingrural.com\/\",\"logo\":{\"@type\":\"ImageObject\",\"inLanguage\":\"es\",\"@id\":\"https:\/\/www.ecocampingrural.com\/#\/schema\/logo\/image\/\",\"url\":\"https:\/\/www.ecocampingrural.com\/wp-content\/uploads\/2021\/02\/LOGODEFVERDE.png\",\"contentUrl\":\"https:\/\/www.ecocampingrural.com\/wp-content\/uploads\/2021\/02\/LOGODEFVERDE.png\",\"width\":865,\"height\":579,\"caption\":\"ECOCAMPING RURAL SC\"},\"image\":{\"@id\":\"https:\/\/www.ecocampingrural.com\/#\/schema\/logo\/image\/\"},\"sameAs\":[\"https:\/\/www.facebook.com\/campinglafueva\",\"https:\/\/www.instagram.com\/ecocampingrural\/\"]}]}<\/script>\n<!-- \/ Yoast SEO plugin. -->","yoast_head_json":{"title":"Rinc\u00f3n Chill Out - Ecocamping Rural","description":"Peque\u00f1o rinc\u00f3n chill out para disfrutar de la sombra de la tarde, con vistas a Cotiella, con un libro, copa o disfrutando del paisaje","robots":{"index":"index","follow":"follow","max-snippet":"max-snippet:-1","max-image-preview":"max-image-preview:large","max-video-preview":"max-video-preview:-1"},"canonical":"https:\/\/www.ecocampingrural.com\/index.php\/rincon-chill-out-camping-pirineo\/","og_locale":"es_ES","og_type":"article","og_title":"Rinc\u00f3n Chill Out - Ecocamping Rural","og_description":"Peque\u00f1o rinc\u00f3n chill out para disfrutar de la sombra de la tarde, con vistas a Cotiella, con un libro, copa o disfrutando del paisaje","og_url":"https:\/\/www.ecocampingrural.com\/index.php\/rincon-chill-out-camping-pirineo\/","og_site_name":"Ecocamping Rural","article_publisher":"https:\/\/www.facebook.com\/campinglafueva","article_modified_time":"2022-05-27T14:40:23+00:00","og_image":[{"width":1920,"height":1331,"url":"https:\/\/www.ecocampingrural.com\/wp-content\/uploads\/2022\/05\/IMG_4306-1-scaled-e1653662406909.jpg","type":"image\/jpeg"}],"twitter_card":"summary_large_image","twitter_misc":{"Tiempo de lectura":"3 minutos"},"schema":{"@context":"https:\/\/schema.org","@graph":[{"@type":"WebPage","@id":"https:\/\/www.ecocampingrural.com\/index.php\/rincon-chill-out-camping-pirineo\/","url":"https:\/\/www.ecocampingrural.com\/index.php\/rincon-chill-out-camping-pirineo\/","name":"Rinc\u00f3n Chill Out - Ecocamping Rural","isPartOf":{"@id":"https:\/\/www.ecocampingrural.com\/#website"},"primaryImageOfPage":{"@id":"https:\/\/www.ecocampingrural.com\/index.php\/rincon-chill-out-camping-pirineo\/#primaryimage"},"image":{"@id":"https:\/\/www.ecocampingrural.com\/index.php\/rincon-chill-out-camping-pirineo\/#primaryimage"},"thumbnailUrl":"https:\/\/www.ecocampingrural.com\/wp-content\/uploads\/2022\/05\/IMG_4306-1-scaled-e1653662406909.jpg","datePublished":"2022-05-27T14:24:14+00:00","dateModified":"2022-05-27T14:40:23+00:00","description":"Peque\u00f1o rinc\u00f3n chill out para disfrutar de la sombra de la tarde, con vistas a Cotiella, con un libro, copa o disfrutando del paisaje","breadcrumb":{"@id":"https:\/\/www.ecocampingrural.com\/index.php\/rincon-chill-out-camping-pirineo\/#breadcrumb"},"inLanguage":"es","potentialAction":[{"@type":"ReadAction","target":["https:\/\/www.ecocampingrural.com\/index.php\/rincon-chill-out-camping-pirineo\/"]}]},{"@type":"ImageObject","inLanguage":"es","@id":"https:\/\/www.ecocampingrural.com\/index.php\/rincon-chill-out-camping-pirineo\/#primaryimage","url":"https:\/\/www.ecocampingrural.com\/wp-content\/uploads\/2022\/05\/IMG_4306-1-scaled-e1653662406909.jpg","contentUrl":"https:\/\/www.ecocampingrural.com\/wp-content\/uploads\/2022\/05\/IMG_4306-1-scaled-e1653662406909.jpg","width":1920,"height":1331,"caption":"camping-chill-out"},{"@type":"BreadcrumbList","@id":"https:\/\/www.ecocampingrural.com\/index.php\/rincon-chill-out-camping-pirineo\/#breadcrumb","itemListElement":[{"@type":"ListItem","position":1,"name":"Portada","item":"https:\/\/www.ecocampingrural.com\/"},{"@type":"ListItem","position":2,"name":"Rinc\u00f3n Chill Out"}]},{"@type":"WebSite","@id":"https:\/\/www.ecocampingrural.com\/#website","url":"https:\/\/www.ecocampingrural.com\/","name":"Ecocamping Rural Valle de La Fueva","description":"Valle de La Fueva","publisher":{"@id":"https:\/\/www.ecocampingrural.com\/#organization"},"potentialAction":[{"@type":"SearchAction","target":{"@type":"EntryPoint","urlTemplate":"https:\/\/www.ecocampingrural.com\/?s={search_term_string}"},"query-input":{"@type":"PropertyValueSpecification","valueRequired":true,"valueName":"search_term_string"}}],"inLanguage":"es"},{"@type":"Organization","@id":"https:\/\/www.ecocampingrural.com\/#organization","name":"ECOCAMPING RURAL SC","url":"https:\/\/www.ecocampingrural.com\/","logo":{"@type":"ImageObject","inLanguage":"es","@id":"https:\/\/www.ecocampingrural.com\/#\/schema\/logo\/image\/","url":"https:\/\/www.ecocampingrural.com\/wp-content\/uploads\/2021\/02\/LOGODEFVERDE.png","contentUrl":"https:\/\/www.ecocampingrural.com\/wp-content\/uploads\/2021\/02\/LOGODEFVERDE.png","width":865,"height":579,"caption":"ECOCAMPING RURAL SC"},"image":{"@id":"https:\/\/www.ecocampingrural.com\/#\/schema\/logo\/image\/"},"sameAs":["https:\/\/www.facebook.com\/campinglafueva","https:\/\/www.instagram.com\/ecocampingrural\/"]}]}},"_links":{"self":[{"href":"https:\/\/www.ecocampingrural.com\/index.php\/wp-json\/wp\/v2\/pages\/856","targetHints":{"allow":["GET"]}}],"collection":[{"href":"https:\/\/www.ecocampingrural.com\/index.php\/wp-json\/wp\/v2\/pages"}],"about":[{"href":"https:\/\/www.ecocampingrural.com\/index.php\/wp-json\/wp\/v2\/types\/page"}],"author":[{"embeddable":true,"href":"https:\/\/www.ecocampingrural.com\/index.php\/wp-json\/wp\/v2\/users\/1"}],"replies":[{"embeddable":true,"href":"https:\/\/www.ecocampingrural.com\/index.php\/wp-json\/wp\/v2\/comments?post=856"}],"version-history":[{"count":0,"href":"https:\/\/www.ecocampingrural.com\/index.php\/wp-json\/wp\/v2\/pages\/856\/revisions"}],"wp:featuredmedia":[{"embeddable":true,"href":"https:\/\/www.ecocampingrural.com\/index.php\/wp-json\/wp\/v2\/media\/866"}],"wp:attachment":[{"href":"https:\/\/www.ecocampingrural.com\/index.php\/wp-json\/wp\/v2\/media?parent=856"}],"curies":[{"name":"wp","href":"https:\/\/api.w.org\/{rel}","templated":true}]}}